{"id":2926,"date":"2025-11-11T09:40:45","date_gmt":"2025-11-11T09:40:45","guid":{"rendered":"https:\/\/auramediadores.com\/?page_id=2926"},"modified":"2026-03-12T09:07:31","modified_gmt":"2026-03-12T09:07:31","slug":"mediador-miguel-cartas","status":"publish","type":"page","link":"https:\/\/auramediadores.com\/en\/mediador-miguel-cartas\/","title":{"rendered":"Miguel Cartas"},"content":{"rendered":"<h1><span class=\"uk-text-background\">Miguel <\/span><br \/>\n<br class=\"uk-visible@m\">Cartas<\/h1>\n<div>Tesorero y asociado fundador de AURA Mediadores | Abogado | Mediador<\/div>\n<ul>\n    <\/ul>\n<div>\n<p>\u00abSoy Miguel Cartas, Tesorero de AURA. Durante mis casi 30 a\u00f1os como abogado independiente, he aprendido que los conflictos rara vez afectan a una sola \u00e1rea. Un problema de herencia (Sucesiones) tiene un componente fiscal (Tributario) y otro inmobiliario (Inmobiliario). Esta visi\u00f3n multidisciplinar es la que aporto a la mediaci\u00f3n. Entiendo que las soluciones deben ser eficaces, pero tambi\u00e9n pr\u00e1cticas y adaptadas a la realidad legal y econ\u00f3mica de cada cliente.\u00bb<\/p>\n<\/div>\n<blockquote>\n<p>    \u201cMi objetivo es ofrecer soluciones eficaces. Como abogado, busco el rigor jur\u00eddico; como mediador, busco el acuerdo que mejor se adapta a la necesidad real del cliente.\u201d<\/p>\n<footer>\n<p>                <cite>Miguel Cartas Carri\u00f3n<\/cite><\/p>\n<\/footer>\n<\/blockquote>\n<p><img decoding=\"async\" src=\"\/wp-content\/uploads\/2025\/11\/miguel-cartas-carrion-1.webp\" alt=\"Miguel Cartas Carri\u00f3n\"><\/p>\n<h2>Sobre m\u00ed<\/h2>\n<h3>Formaci\u00f3n y experiencia<\/h3>\n<div>\n<p>Soy Licenciado en Derecho por la UCM y ejerzo como abogado aut\u00f3nomo desde 1996. Mi perfil es multidisciplinar, ya que he complementado mi carrera con un M\u00e1ster en Asesor\u00eda Fiscal (CEF) y un Diplomado en Derecho Laboral (CEF), adem\u00e1s de m\u00faltiples especializaciones en Sucesiones, Bancario y Familia.<\/p>\n<\/div>\n<h3>Mi visi\u00f3n de la mediaci\u00f3n<\/h3>\n<div>\n<p>Mi gran especialidad es el Derecho Inmobiliario, donde fui n\u00famero 1 de mi promoci\u00f3n en la Escuela de Pr\u00e1ctica Jur\u00eddica. S\u00e9 que en este campo, un litigio puede bloquear un patrimonio durante a\u00f1os. La mediaci\u00f3n es la herramienta m\u00e1s eficaz para desbloquear situaciones, ya sea en un conflicto de compraventa, un arrendamiento o la divisi\u00f3n de un bien.<\/p>\n<\/div>\n<h3>Un enfoque t\u00e9cnico y registral<\/h3>\n<div>\n<p>Mi enfoque es t\u00e9cnico y pr\u00e1ctico. Como Contador-Partidor inscrito en el ICAM, estoy especializado en la divisi\u00f3n de herencias y patrimonios. Aporto esta capacidad anal\u00edtica a la mediaci\u00f3n, buscando siempre un trato personalizado pero con la vista puesta en un acuerdo que tenga un encaje legal y fiscal perfecto.<\/p>\n<\/div>\n<h3>Especialidades y cualificaciones<\/h3>\n<ul>\n<li>\n<div>Tesorero de AURA Mediadores<\/div>\n<\/li>\n<li>\n<div>Abogado (29+ a\u00f1os de ejercicio)<\/div>\n<\/li>\n<li>\n<div>Mediador (Civil, Mercantil, Familiar)<\/div>\n<\/li>\n<li>\n<div>Especialista en Derecho Inmobiliario (N\u00ba 1 promoci\u00f3n)<\/div>\n<\/li>\n<li>\n<div>Especialista en Derecho de Sucesiones, Familia y Bancario<\/div>\n<\/li>\n<li>\n<div>Contador-Partidor (ICAM)<\/div>\n<\/li>\n<li>\n<div>M\u00e1ster en Asesor\u00eda Fiscal y Tributaci\u00f3n (CEF)<\/div>\n<\/li>\n<\/ul>\n<h2>\u00bfNecesitas<br \/> saber m\u00e1s?<\/h2>\n<div>\n<p>Nuestro prop\u00f3sito principal es difundir y fomentar la mediaci\u00f3n en todos los \u00e1mbitos, pero muy especialmente en el \u00e1mbito jur\u00eddico.<\/p>\n<\/div>\n<p><p>\n        <a href=\"\/nuestra-asociacion\/\">Sobre nosotros<\/a>\n    <\/p>\n<\/p>\n<p><!--more--><br \/>\n<!-- {\"type\":\"layout\",\"children\":[{\"name\":\"About\",\"type\":\"section\",\"props\":{\"html_element\":\"header\",\"image_effect\":\"parallax\",\"image_parallax_bgx\":\"80,80\",\"image_parallax_easing\":\"1\",\"image_position\":\"bottom-right\",\"image_width\":\"350\",\"padding_bottom\":\"none\",\"padding_top\":\"large\",\"style\":\"default\",\"title_breakpoint\":\"xl\",\"title_position\":\"center-right\",\"title_rotation\":\"left\",\"vertical_align\":\"\",\"width\":\"default\"},\"children\":[{\"type\":\"row\",\"props\":{\"column_gap\":\"small\",\"layout\":\"1-2,1-2\",\"row_gap\":\"small\"},\"children\":[{\"type\":\"column\",\"props\":{\"image_position\":\"center-center\",\"position_sticky_breakpoint\":\"m\",\"width_small\":\"1-2\"},\"children\":[{\"type\":\"headline\",\"props\":{\"content\":\"<span class=\\\"uk-text-background\\\">Miguel <\/span>\\n<br class=\\\"uk-visible@m\\\">Cartas\",\"image_align\":\"left\",\"image_margin\":\"xsmall\",\"title_decoration\":\"line\",\"title_element\":\"h1\",\"title_style\":\"heading-large\"}},{\"type\":\"headline\",\"props\":{\"content\":\"Tesorero y asociado fundador de AURA Mediadores | Abogado | Mediador\",\"image_align\":\"left\",\"image_margin\":\"xsmall\",\"margin_bottom\":\"remove\",\"margin_top\":\"remove\",\"title_decoration\":\"bullet\",\"title_element\":\"div\",\"title_style\":\"h5\"}},{\"type\":\"social\",\"props\":{\"grid\":\"horizontal\",\"grid_column_gap\":\"small\",\"grid_row_gap\":\"small\",\"image_svg_inline\":true,\"link_style\":\"button\",\"link_target\":true,\"margin_bottom\":\"default\",\"margin_top\":\"default\"},\"children\":[{\"type\":\"social_item\",\"props\":{\"link\":\"https:\/\/www.linkedin.com\/in\/marianoballesterosheadhunter\/?locale=es_ES\",\"link_aria_label\":\"LinkedIn de Mariano Ballesteros\",\"status\":\"disabled\"}}]},{\"type\":\"text\",\"props\":{\"column_breakpoint\":\"m\",\"content\":\"\n\n<p>\\\"Soy Miguel Cartas, Tesorero de AURA. Durante mis casi 30 a\u00f1os como abogado independiente, he aprendido que los conflictos rara vez afectan a una sola \u00e1rea. Un problema de herencia (Sucesiones) tiene un componente fiscal (Tributario) y otro inmobiliario (Inmobiliario). Esta visi\u00f3n multidisciplinar es la que aporto a la mediaci\u00f3n. Entiendo que las soluciones deben ser eficaces, pero tambi\u00e9n pr\u00e1cticas y adaptadas a la realidad legal y econ\u00f3mica de cada cliente.\\\"<\/p>\n\n\",\"margin_bottom\":\"large\",\"margin_top\":\"large\",\"maxwidth\":\"xlarge\"}},{\"type\":\"quotation\",\"props\":{\"author\":\"Miguel Cartas Carri\u00f3n\",\"content\":\"\u201cMi objetivo es ofrecer soluciones eficaces. Como abogado, busco el rigor jur\u00eddico; como mediador, busco el acuerdo que mejor se adapta a la necesidad real del cliente.\u201d\"}}]},{\"type\":\"column\",\"props\":{\"image\":\"wp-content\/uploads\/pattern.svg\",\"image_effect\":\"parallax\",\"image_parallax_bgy\":\"-60,-50\",\"image_parallax_easing\":\"1\",\"image_position\":\"bottom-left\",\"image_width\":\"350\",\"media_visibility\":\"m\",\"position_sticky_breakpoint\":\"m\",\"width_small\":\"1-2\"},\"children\":[{\"type\":\"image\",\"props\":{\"animation\":\"parallax\",\"image\":\"wp-content\/uploads\/2025\/11\/miguel-cartas-carrion-1.webp\",\"image_alt\":\"Miguel Cartas Carri\u00f3n\",\"image_border\":\"pill\",\"image_svg_color\":\"emphasis\",\"image_width\":\"420\",\"margin_bottom\":\"\",\"margin_top\":\"\",\"parallax_breakpoint\":\"s\",\"parallax_easing\":\"1\",\"parallax_y\":\"-70,0\",\"text_align\":\"right\",\"text_align_breakpoint\":\"m\"}}]}]},{\"type\":\"row\",\"children\":[{\"type\":\"column\",\"props\":{\"image_position\":\"center-center\",\"position_sticky_breakpoint\":\"m\"},\"children\":[{\"type\":\"breadcrumbs\",\"props\":{\"show_current\":true,\"show_home\":true}}]}]}]},{\"name\":\"CV\",\"type\":\"section\",\"props\":{\"html_element\":\"section\",\"image_position\":\"center-center\",\"padding_bottom\":\"small\",\"padding_top\":\"small\",\"style\":\"default\",\"title_breakpoint\":\"xl\",\"title_position\":\"top-left\",\"title_rotation\":\"left\",\"vertical_align\":\"\",\"width\":\"default\"},\"children\":[{\"type\":\"row\",\"props\":{\"margin_bottom\":\"large\",\"margin_top\":\"large\"},\"children\":[{\"type\":\"column\",\"props\":{\"image_position\":\"center-center\",\"position_sticky_breakpoint\":\"m\",\"width_medium\":\"1-1\"},\"children\":[{\"type\":\"headline\",\"props\":{\"content\":\"Sobre m\u00ed\",\"image_align\":\"left\",\"image_margin\":\"xsmall\",\"title_color\":\"background\",\"title_element\":\"h2\",\"title_style\":\"h1\"}}]}]},{\"type\":\"row\",\"props\":{\"layout\":\"1-2,1-2\"},\"children\":[{\"type\":\"column\",\"props\":{\"image_position\":\"center-center\",\"position_sticky_breakpoint\":\"m\",\"width_medium\":\"1-2\"},\"children\":[{\"type\":\"headline\",\"props\":{\"content\":\"Formaci\u00f3n y experiencia\",\"image_align\":\"left\",\"image_margin\":\"xsmall\",\"margin_bottom\":\"remove\",\"margin_top\":\"remove\",\"title_decoration\":\"bullet\",\"title_element\":\"h3\",\"title_style\":\"h5\"}},{\"type\":\"text\",\"props\":{\"column_breakpoint\":\"m\",\"content\":\"\n\n<p>Soy Licenciado en Derecho por la UCM y ejerzo como abogado aut\u00f3nomo desde 1996. Mi perfil es multidisciplinar, ya que he complementado mi carrera con un M\u00e1ster en Asesor\u00eda Fiscal (CEF) y un Diplomado en Derecho Laboral (CEF), adem\u00e1s de m\u00faltiples especializaciones en Sucesiones, Bancario y Familia.<\/p>\n\n\",\"margin_bottom\":\"small\",\"margin_top\":\"small\",\"maxwidth\":\"xlarge\"}}]},{\"type\":\"column\",\"props\":{\"image_position\":\"center-center\",\"position_sticky_breakpoint\":\"m\",\"width_medium\":\"1-2\"},\"children\":[{\"type\":\"headline\",\"props\":{\"content\":\"Mi visi\u00f3n de la mediaci\u00f3n\",\"image_align\":\"left\",\"image_margin\":\"xsmall\",\"margin_bottom\":\"remove\",\"margin_top\":\"remove\",\"title_decoration\":\"bullet\",\"title_element\":\"h3\",\"title_style\":\"h5\"}},{\"type\":\"text\",\"props\":{\"column_breakpoint\":\"m\",\"content\":\"\n\n<p>Mi gran especialidad es el Derecho Inmobiliario, donde fui n\u00famero 1 de mi promoci\u00f3n en la Escuela de Pr\u00e1ctica Jur\u00eddica. S\u00e9 que en este campo, un litigio puede bloquear un patrimonio durante a\u00f1os. La mediaci\u00f3n es la herramienta m\u00e1s eficaz para desbloquear situaciones, ya sea en un conflicto de compraventa, un arrendamiento o la divisi\u00f3n de un bien.<\/p>\n\n\",\"margin_bottom\":\"small\",\"margin_top\":\"small\",\"maxwidth\":\"xlarge\"}}]}]},{\"type\":\"row\",\"props\":{\"layout\":\"1-2,1-2\",\"margin_bottom\":\"large\",\"margin_top\":\"large\"},\"children\":[{\"type\":\"column\",\"props\":{\"image_position\":\"center-center\",\"position_sticky_breakpoint\":\"m\",\"width_medium\":\"1-2\"},\"children\":[{\"type\":\"headline\",\"props\":{\"content\":\"Un enfoque t\u00e9cnico y registral\",\"image_align\":\"left\",\"image_margin\":\"xsmall\",\"margin_bottom\":\"remove\",\"margin_top\":\"large\",\"title_decoration\":\"bullet\",\"title_element\":\"h3\",\"title_style\":\"h5\"}},{\"type\":\"text\",\"props\":{\"column_breakpoint\":\"m\",\"content\":\"\n\n<p>Mi enfoque es t\u00e9cnico y pr\u00e1ctico. Como Contador-Partidor inscrito en el ICAM, estoy especializado en la divisi\u00f3n de herencias y patrimonios. Aporto esta capacidad anal\u00edtica a la mediaci\u00f3n, buscando siempre un trato personalizado pero con la vista puesta en un acuerdo que tenga un encaje legal y fiscal perfecto.<\/p>\n\n\",\"margin_bottom\":\"small\",\"margin_top\":\"small\",\"maxwidth\":\"xlarge\"}}]},{\"type\":\"column\",\"props\":{\"image_position\":\"center-center\",\"position_sticky_breakpoint\":\"m\",\"width_medium\":\"1-2\"},\"children\":[{\"type\":\"headline\",\"props\":{\"content\":\"Especialidades y cualificaciones\",\"image_align\":\"left\",\"image_margin\":\"xsmall\",\"margin_bottom\":\"remove\",\"margin_top\":\"large\",\"title_decoration\":\"line\",\"title_element\":\"h3\",\"title_style\":\"h4\"}},{\"type\":\"list\",\"props\":{\"column_breakpoint\":\"m\",\"image_align\":\"left\",\"image_svg_color\":\"emphasis\",\"image_vertical_align\":true,\"list_element\":\"ul\",\"list_horizontal_separator\":\", \",\"list_marker\":\"bullet\",\"list_type\":\"vertical\",\"show_image\":true,\"show_link\":true},\"children\":[{\"type\":\"list_item\",\"props\":{\"content\":\"Tesorero de AURA Mediadores\"}},{\"type\":\"list_item\",\"props\":{\"content\":\"Abogado (29+ a\u00f1os de ejercicio)\"}},{\"type\":\"list_item\",\"props\":{\"content\":\"Mediador (Civil, Mercantil, Familiar)\"}},{\"type\":\"list_item\",\"props\":{\"content\":\"Especialista en Derecho Inmobiliario (N\u00ba 1 promoci\u00f3n)\"}},{\"type\":\"list_item\",\"props\":{\"content\":\"Especialista en Derecho de Sucesiones, Familia y Bancario\"}},{\"type\":\"list_item\",\"props\":{\"content\":\"Contador-Partidor (ICAM)\"}},{\"type\":\"list_item\",\"props\":{\"content\":\"M\u00e1ster en Asesor\u00eda Fiscal y Tributaci\u00f3n (CEF)\"}}]}]}]}]},{\"type\":\"section\",\"props\":{\"html_element\":\"section\",\"image\":\"wp-content\/uploads\/2025\/11\/cta-bg.svg\",\"image_position\":\"center-center\",\"padding_bottom\":\"xlarge\",\"padding_top\":\"xlarge\",\"style\":\"primary\",\"title_breakpoint\":\"xl\",\"title_position\":\"top-left\",\"title_rotation\":\"left\",\"vertical_align\":\"\",\"width\":\"default\"},\"children\":[{\"type\":\"row\",\"children\":[{\"type\":\"column\",\"props\":{\"image_position\":\"center-center\",\"position_sticky_breakpoint\":\"m\"},\"children\":[{\"type\":\"headline\",\"props\":{\"content\":\"\u00bfNecesitas<br \/> saber m\u00e1s?\",\"image_align\":\"left\",\"image_margin\":\"xsmall\",\"text_align\":\"center\",\"title_element\":\"h2\",\"title_style\":\"heading-large\"}},{\"type\":\"text\",\"props\":{\"block_align\":\"center\",\"column_breakpoint\":\"m\",\"content\":\"\n\n<p>Nuestro prop\u00f3sito principal es difundir y fomentar la mediaci\u00f3n en todos los \u00e1mbitos, pero muy especialmente en el \u00e1mbito jur\u00eddico.<\/p>\n\n\",\"margin_bottom\":\"medium\",\"margin_top\":\"medium\",\"maxwidth\":\"xlarge\",\"text_align\":\"center\",\"text_color\":\"emphasis\",\"text_style\":\"lead\"}},{\"type\":\"button\",\"props\":{\"grid_column_gap\":\"medium\",\"grid_row_gap\":\"small\",\"margin_bottom\":\"large\",\"margin_top\":\"large\",\"text_align\":\"center\"},\"children\":[{\"type\":\"button_item\",\"props\":{\"button_style\":\"default\",\"content\":\"Sobre nosotros\",\"dialog_layout\":\"modal\",\"dialog_offcanvas_flip\":true,\"icon_align\":\"left\",\"link\":\"nuestra-asociacion\/\",\"link_title\":\"Saber m\u00e1s de Aura\"}}]}]}]}],\"name\":\"Call to Action footer\"}],\"version\":\"5.0.20\"} --><\/p>\n","protected":false},"excerpt":{"rendered":"<p>Miguel Cartas Tesorero y asociado fundador de AURA Mediadores | Abogado | Mediador \u00abSoy Miguel Cartas, Tesorero de AURA. Durante mis casi 30 a\u00f1os como abogado independiente, he aprendido que los conflictos rara vez afectan a una sola \u00e1rea. Un problema de herencia (Sucesiones) tiene un componente fiscal (Tributario) y otro inmobiliario (Inmobiliario). Esta visi\u00f3n [&hellip;]<\/p>\n","protected":false},"author":1,"featured_media":2938,"parent":0,"menu_order":0,"comment_status":"closed","ping_status":"closed","template":"","meta":{"_acf_changed":false,"footnotes":""},"class_list":["post-2926","page","type-page","status-publish","has-post-thumbnail","hentry"],"acf":[],"yoast_head":"<!-- This site is optimized with the Yoast SEO plugin v27.4 - https:\/\/yoast.com\/product\/yoast-seo-wordpress\/ -->\n<title>Mediador - Miguel Cartas | Aura Mediadores<\/title>\n<meta name=\"description\" content=\"Conoce a Miguel Cartas, Tesorero de AURA. Abogado con 29+ a\u00f1os de experiencia y mediador experto en Inmobiliario, Sucesiones y Bancario.\" \/>\n<meta name=\"robots\" content=\"index, follow, max-snippet:-1, max-image-preview:large, max-video-preview:-1\" \/>\n<link rel=\"canonical\" href=\"https:\/\/auramediadores.com\/en\/mediador-miguel-cartas\/\" \/>\n<meta property=\"og:locale\" content=\"en_GB\" \/>\n<meta property=\"og:type\" content=\"article\" \/>\n<meta property=\"og:title\" content=\"Mediador - Miguel Cartas | Aura Mediadores\" \/>\n<meta property=\"og:description\" content=\"Conoce a Miguel Cartas, Tesorero de AURA. Abogado con 29+ a\u00f1os de experiencia y mediador experto en Inmobiliario, Sucesiones y Bancario.\" \/>\n<meta property=\"og:url\" content=\"https:\/\/auramediadores.com\/en\/mediador-miguel-cartas\/\" \/>\n<meta property=\"og:site_name\" content=\"Aura Mediadores\" \/>\n<meta property=\"article:modified_time\" content=\"2026-03-12T09:07:31+00:00\" \/>\n<meta property=\"og:image\" content=\"https:\/\/auramediadores.com\/wp-content\/uploads\/2025\/11\/miguel-cartas-carrion-1.webp\" \/>\n\t<meta property=\"og:image:width\" content=\"394\" \/>\n\t<meta property=\"og:image:height\" content=\"652\" \/>\n\t<meta property=\"og:image:type\" content=\"image\/webp\" \/>\n<meta name=\"twitter:card\" content=\"summary_large_image\" \/>\n<meta name=\"twitter:label1\" content=\"Est. reading time\" \/>\n\t<meta name=\"twitter:data1\" content=\"2 minutes\" \/>\n<script type=\"application\/ld+json\" class=\"yoast-schema-graph\">{\"@context\":\"https:\\\/\\\/schema.org\",\"@graph\":[{\"@type\":\"WebPage\",\"@id\":\"https:\\\/\\\/auramediadores.com\\\/mediador-miguel-cartas\\\/\",\"url\":\"https:\\\/\\\/auramediadores.com\\\/mediador-miguel-cartas\\\/\",\"name\":\"Mediador - Miguel Cartas | Aura Mediadores\",\"isPartOf\":{\"@id\":\"https:\\\/\\\/auramediadores.com\\\/#website\"},\"primaryImageOfPage\":{\"@id\":\"https:\\\/\\\/auramediadores.com\\\/mediador-miguel-cartas\\\/#primaryimage\"},\"image\":{\"@id\":\"https:\\\/\\\/auramediadores.com\\\/mediador-miguel-cartas\\\/#primaryimage\"},\"thumbnailUrl\":\"https:\\\/\\\/auramediadores.com\\\/wp-content\\\/uploads\\\/2025\\\/11\\\/miguel-cartas-carrion-1.webp\",\"datePublished\":\"2025-11-11T09:40:45+00:00\",\"dateModified\":\"2026-03-12T09:07:31+00:00\",\"description\":\"Conoce a Miguel Cartas, Tesorero de AURA. Abogado con 29+ a\u00f1os de experiencia y mediador experto en Inmobiliario, Sucesiones y Bancario.\",\"breadcrumb\":{\"@id\":\"https:\\\/\\\/auramediadores.com\\\/mediador-miguel-cartas\\\/#breadcrumb\"},\"inLanguage\":\"en-GB\",\"potentialAction\":[{\"@type\":\"ReadAction\",\"target\":[\"https:\\\/\\\/auramediadores.com\\\/mediador-miguel-cartas\\\/\"]}]},{\"@type\":\"ImageObject\",\"inLanguage\":\"en-GB\",\"@id\":\"https:\\\/\\\/auramediadores.com\\\/mediador-miguel-cartas\\\/#primaryimage\",\"url\":\"https:\\\/\\\/auramediadores.com\\\/wp-content\\\/uploads\\\/2025\\\/11\\\/miguel-cartas-carrion-1.webp\",\"contentUrl\":\"https:\\\/\\\/auramediadores.com\\\/wp-content\\\/uploads\\\/2025\\\/11\\\/miguel-cartas-carrion-1.webp\",\"width\":394,\"height\":652,\"caption\":\"Miguel Cartas Carri\u00f3n\"},{\"@type\":\"BreadcrumbList\",\"@id\":\"https:\\\/\\\/auramediadores.com\\\/mediador-miguel-cartas\\\/#breadcrumb\",\"itemListElement\":[{\"@type\":\"ListItem\",\"position\":1,\"name\":\"Home\",\"item\":\"https:\\\/\\\/auramediadores.com\\\/\"},{\"@type\":\"ListItem\",\"position\":2,\"name\":\"Miguel Cartas\"}]},{\"@type\":\"WebSite\",\"@id\":\"https:\\\/\\\/auramediadores.com\\\/#website\",\"url\":\"https:\\\/\\\/auramediadores.com\\\/\",\"name\":\"Aura Mediadores\",\"description\":\"Asociaci\u00f3n espa\u00f1ola de mediadores\",\"publisher\":{\"@id\":\"https:\\\/\\\/auramediadores.com\\\/#organization\"},\"potentialAction\":[{\"@type\":\"SearchAction\",\"target\":{\"@type\":\"EntryPoint\",\"urlTemplate\":\"https:\\\/\\\/auramediadores.com\\\/?s={search_term_string}\"},\"query-input\":{\"@type\":\"PropertyValueSpecification\",\"valueRequired\":true,\"valueName\":\"search_term_string\"}}],\"inLanguage\":\"en-GB\"},{\"@type\":\"Organization\",\"@id\":\"https:\\\/\\\/auramediadores.com\\\/#organization\",\"name\":\"Aura Mediadores\",\"url\":\"https:\\\/\\\/auramediadores.com\\\/\",\"logo\":{\"@type\":\"ImageObject\",\"inLanguage\":\"en-GB\",\"@id\":\"https:\\\/\\\/auramediadores.com\\\/#\\\/schema\\\/logo\\\/image\\\/\",\"url\":\"https:\\\/\\\/auramediadores.com\\\/wp-content\\\/uploads\\\/2026\\\/01\\\/Favi-Aura-Mediadores-96x96-1.png\",\"contentUrl\":\"https:\\\/\\\/auramediadores.com\\\/wp-content\\\/uploads\\\/2026\\\/01\\\/Favi-Aura-Mediadores-96x96-1.png\",\"width\":96,\"height\":96,\"caption\":\"Aura Mediadores\"},\"image\":{\"@id\":\"https:\\\/\\\/auramediadores.com\\\/#\\\/schema\\\/logo\\\/image\\\/\"},\"sameAs\":[\"https:\\\/\\\/www.linkedin.com\\\/in\\\/aura-mediadores-2b7512397\\\/\"]}]}<\/script>\n<!-- \/ Yoast SEO plugin. -->","yoast_head_json":{"title":"Mediador - Miguel Cartas | Aura Mediadores","description":"Conoce a Miguel Cartas, Tesorero de AURA. Abogado con 29+ a\u00f1os de experiencia y mediador experto en Inmobiliario, Sucesiones y Bancario.","robots":{"index":"index","follow":"follow","max-snippet":"max-snippet:-1","max-image-preview":"max-image-preview:large","max-video-preview":"max-video-preview:-1"},"canonical":"https:\/\/auramediadores.com\/en\/mediador-miguel-cartas\/","og_locale":"en_GB","og_type":"article","og_title":"Mediador - Miguel Cartas | Aura Mediadores","og_description":"Conoce a Miguel Cartas, Tesorero de AURA. Abogado con 29+ a\u00f1os de experiencia y mediador experto en Inmobiliario, Sucesiones y Bancario.","og_url":"https:\/\/auramediadores.com\/en\/mediador-miguel-cartas\/","og_site_name":"Aura Mediadores","article_modified_time":"2026-03-12T09:07:31+00:00","og_image":[{"width":394,"height":652,"url":"https:\/\/auramediadores.com\/wp-content\/uploads\/2025\/11\/miguel-cartas-carrion-1.webp","type":"image\/webp"}],"twitter_card":"summary_large_image","twitter_misc":{"Est. reading time":"2 minutes"},"schema":{"@context":"https:\/\/schema.org","@graph":[{"@type":"WebPage","@id":"https:\/\/auramediadores.com\/mediador-miguel-cartas\/","url":"https:\/\/auramediadores.com\/mediador-miguel-cartas\/","name":"Mediador - Miguel Cartas | Aura Mediadores","isPartOf":{"@id":"https:\/\/auramediadores.com\/#website"},"primaryImageOfPage":{"@id":"https:\/\/auramediadores.com\/mediador-miguel-cartas\/#primaryimage"},"image":{"@id":"https:\/\/auramediadores.com\/mediador-miguel-cartas\/#primaryimage"},"thumbnailUrl":"https:\/\/auramediadores.com\/wp-content\/uploads\/2025\/11\/miguel-cartas-carrion-1.webp","datePublished":"2025-11-11T09:40:45+00:00","dateModified":"2026-03-12T09:07:31+00:00","description":"Conoce a Miguel Cartas, Tesorero de AURA. Abogado con 29+ a\u00f1os de experiencia y mediador experto en Inmobiliario, Sucesiones y Bancario.","breadcrumb":{"@id":"https:\/\/auramediadores.com\/mediador-miguel-cartas\/#breadcrumb"},"inLanguage":"en-GB","potentialAction":[{"@type":"ReadAction","target":["https:\/\/auramediadores.com\/mediador-miguel-cartas\/"]}]},{"@type":"ImageObject","inLanguage":"en-GB","@id":"https:\/\/auramediadores.com\/mediador-miguel-cartas\/#primaryimage","url":"https:\/\/auramediadores.com\/wp-content\/uploads\/2025\/11\/miguel-cartas-carrion-1.webp","contentUrl":"https:\/\/auramediadores.com\/wp-content\/uploads\/2025\/11\/miguel-cartas-carrion-1.webp","width":394,"height":652,"caption":"Miguel Cartas Carri\u00f3n"},{"@type":"BreadcrumbList","@id":"https:\/\/auramediadores.com\/mediador-miguel-cartas\/#breadcrumb","itemListElement":[{"@type":"ListItem","position":1,"name":"Home","item":"https:\/\/auramediadores.com\/"},{"@type":"ListItem","position":2,"name":"Miguel Cartas"}]},{"@type":"WebSite","@id":"https:\/\/auramediadores.com\/#website","url":"https:\/\/auramediadores.com\/","name":"Aura Mediadores","description":"Asociaci\u00f3n espa\u00f1ola de mediadores","publisher":{"@id":"https:\/\/auramediadores.com\/#organization"},"potentialAction":[{"@type":"SearchAction","target":{"@type":"EntryPoint","urlTemplate":"https:\/\/auramediadores.com\/?s={search_term_string}"},"query-input":{"@type":"PropertyValueSpecification","valueRequired":true,"valueName":"search_term_string"}}],"inLanguage":"en-GB"},{"@type":"Organization","@id":"https:\/\/auramediadores.com\/#organization","name":"Aura Mediadores","url":"https:\/\/auramediadores.com\/","logo":{"@type":"ImageObject","inLanguage":"en-GB","@id":"https:\/\/auramediadores.com\/#\/schema\/logo\/image\/","url":"https:\/\/auramediadores.com\/wp-content\/uploads\/2026\/01\/Favi-Aura-Mediadores-96x96-1.png","contentUrl":"https:\/\/auramediadores.com\/wp-content\/uploads\/2026\/01\/Favi-Aura-Mediadores-96x96-1.png","width":96,"height":96,"caption":"Aura Mediadores"},"image":{"@id":"https:\/\/auramediadores.com\/#\/schema\/logo\/image\/"},"sameAs":["https:\/\/www.linkedin.com\/in\/aura-mediadores-2b7512397\/"]}]}},"_hostinger_reach_plugin_has_subscription_block":false,"_hostinger_reach_plugin_is_elementor":false,"_links":{"self":[{"href":"https:\/\/auramediadores.com\/en\/wp-json\/wp\/v2\/pages\/2926","targetHints":{"allow":["GET"]}}],"collection":[{"href":"https:\/\/auramediadores.com\/en\/wp-json\/wp\/v2\/pages"}],"about":[{"href":"https:\/\/auramediadores.com\/en\/wp-json\/wp\/v2\/types\/page"}],"author":[{"embeddable":true,"href":"https:\/\/auramediadores.com\/en\/wp-json\/wp\/v2\/users\/1"}],"replies":[{"embeddable":true,"href":"https:\/\/auramediadores.com\/en\/wp-json\/wp\/v2\/comments?post=2926"}],"version-history":[{"count":22,"href":"https:\/\/auramediadores.com\/en\/wp-json\/wp\/v2\/pages\/2926\/revisions"}],"predecessor-version":[{"id":3624,"href":"https:\/\/auramediadores.com\/en\/wp-json\/wp\/v2\/pages\/2926\/revisions\/3624"}],"wp:featuredmedia":[{"embeddable":true,"href":"https:\/\/auramediadores.com\/en\/wp-json\/wp\/v2\/media\/2938"}],"wp:attachment":[{"href":"https:\/\/auramediadores.com\/en\/wp-json\/wp\/v2\/media?parent=2926"}],"curies":[{"name":"wp","href":"https:\/\/api.w.org\/{rel}","templated":true}]}}