{"id":2696,"date":"2025-11-10T15:28:31","date_gmt":"2025-11-10T15:28:31","guid":{"rendered":"https:\/\/auramediadores.com\/?page_id=2696"},"modified":"2026-03-12T09:06:23","modified_gmt":"2026-03-12T09:06:23","slug":"mediador-mariano-ballesteros","status":"publish","type":"page","link":"https:\/\/auramediadores.com\/en\/mediador-mariano-ballesteros\/","title":{"rendered":"Mariano Ballesteros"},"content":{"rendered":"<h1><span class=\"uk-text-background\">Mariano <\/span><br \/>\n<br class=\"uk-visible@m\">Ballesteros<\/h1>\n<div>Asociado fundador &#038; Vicepresidente de AURA Mediadores | Headhunter | Mentor<\/div>\n<ul>\n<li><a href=\"https:\/\/www.linkedin.com\/in\/marianoballesterosheadhunter\/?locale=es_ES\">linkedin<\/a>\n<\/li>\n<\/ul>\n<div>\n<p>Soy Mariano Ballesteros, Vicepresidente de AURA. Mi carrera profesional como &#8216;Headhunter&#8217; siempre se ha basado en una habilidad clave: la escucha profunda. Mi trabajo en EUROMANAGER consiste en entender las necesidades de las empresas y el talento de los directivos para construir puentes y encontrar el punto de uni\u00f3n perfecto. Descubr\u00ed que la mediaci\u00f3n utiliza esa misma escucha, pero con un prop\u00f3sito a\u00fan mayor: no solo para construir carreras, sino para reparar relaciones y transformar conflictos en caminos compartidos.<\/p>\n<\/div>\n<blockquote>\n<p>    \u201cMi carrera se ha centrado en conectar talento con oportunidades. En la mediaci\u00f3n, hago lo mismo: conecto a las personas con la oportunidad de un acuerdo.\u201d<\/p>\n<footer>\n<p>                <cite>Mariano Ballesteros<\/cite><\/p>\n<\/footer>\n<\/blockquote>\n<p><img decoding=\"async\" src=\"\/wp-content\/uploads\/2025\/11\/Mariano-Ballesteros-mediador.webp\" alt=\"Mariano Ballesteros Mediador\"><\/p>\n<h2>Sobre m\u00ed<\/h2>\n<h3>Formaci\u00f3n y experiencia<\/h3>\n<div>\n<p>Mi trayectoria se ha consolidado en el Executive Search, fundando mi propia firma. Cuento con formaci\u00f3n de prestigio en escuelas de negocio como el IE Business School, y he sido profesor asociado en EAE, INESDI y La Salle, donde disfruto compartiendo conocimiento y actuando como mentor de nuevos profesionales.<\/p>\n<\/div>\n<h3>Mi compromiso con la mediaci\u00f3n<\/h3>\n<div>\n<p>Creo en el poder transformador de la mediaci\u00f3n m\u00e1s all\u00e1 de lo empresarial. Mi compromiso social es firme, participando activamente como voluntario en proyectos para mejorar la empleabilidad y, muy especialmente, realizando mediaci\u00f3n en centros penitenciarios, donde he podido constatar su profundo impacto humano.<\/p>\n<\/div>\n<h3>Un enfoque \u00e1gil e internacional<\/h3>\n<div>\n<p>Aporto a la mediaci\u00f3n una visi\u00f3n que une la experiencia senior en b\u00fasqueda de directivos con la adaptaci\u00f3n a las nuevas tendencias. Estoy certificado en Coaching Ejecutivo, Scrum y Metodolog\u00edas \u00c1giles. Adem\u00e1s, mi perfil es internacional, con dominio profesional de ingl\u00e9s y franc\u00e9s.<\/p>\n<\/div>\n<h3>Especialidades y cualificaciones<\/h3>\n<ul>\n<li>\n<div>Vicepresidente de AURA Mediadores<\/div>\n<\/li>\n<li>\n<div>Mediador (Civil, Mercantil, Organizacional)<\/div>\n<\/li>\n<li>\n<div>Headhunter y Experto en Executive Search (Firma EUROMANAGER)<\/div>\n<\/li>\n<li>\n<div>Coach ejecutivo certificado<\/div>\n<\/li>\n<li>\n<div>Experto en Metodolog\u00edas \u00c1giles y Scrum<\/div>\n<\/li>\n<li>\n<div>Profesor y mentor en escuelas de negocio<\/div>\n<\/li>\n<li>\n<div>Autor de libro sobre empleo y RSC<\/div>\n<\/li>\n<li>\n<div><strong>Idiomas:<\/strong> Ingl\u00e9s y Franc\u00e9s (dominio profesional)<\/div>\n<\/li>\n<\/ul>\n<h2>\u00bfNecesitas<br \/> saber m\u00e1s?<\/h2>\n<div>\n<p>Nuestro prop\u00f3sito principal es difundir y fomentar la mediaci\u00f3n en todos los \u00e1mbitos, pero muy especialmente en el \u00e1mbito jur\u00eddico.<\/p>\n<\/div>\n<p><p>\n        <a href=\"\/nuestra-asociacion\/\">Sobre nosotros<\/a>\n    <\/p>\n<\/p>\n<p><!--more--><br \/>\n<!-- {\"type\":\"layout\",\"children\":[{\"name\":\"About\",\"type\":\"section\",\"props\":{\"html_element\":\"header\",\"image_effect\":\"parallax\",\"image_parallax_bgx\":\"80,80\",\"image_parallax_easing\":\"1\",\"image_position\":\"bottom-right\",\"image_width\":\"350\",\"padding_bottom\":\"none\",\"padding_top\":\"large\",\"style\":\"default\",\"title_breakpoint\":\"xl\",\"title_position\":\"center-right\",\"title_rotation\":\"left\",\"vertical_align\":\"\",\"width\":\"default\"},\"children\":[{\"type\":\"row\",\"props\":{\"column_gap\":\"small\",\"layout\":\"1-2,1-2\",\"row_gap\":\"small\"},\"children\":[{\"type\":\"column\",\"props\":{\"image_position\":\"center-center\",\"position_sticky_breakpoint\":\"m\",\"width_small\":\"1-2\"},\"children\":[{\"type\":\"headline\",\"props\":{\"content\":\"<span class=\\\"uk-text-background\\\">Mariano <\/span>\\n<br class=\\\"uk-visible@m\\\">Ballesteros\",\"image_align\":\"left\",\"image_margin\":\"xsmall\",\"title_decoration\":\"line\",\"title_element\":\"h1\",\"title_style\":\"heading-large\"}},{\"type\":\"headline\",\"props\":{\"content\":\"Asociado fundador & Vicepresidente de AURA Mediadores | Headhunter | Mentor\",\"image_align\":\"left\",\"image_margin\":\"xsmall\",\"margin_bottom\":\"remove\",\"margin_top\":\"remove\",\"title_decoration\":\"bullet\",\"title_element\":\"div\",\"title_style\":\"h5\"}},{\"type\":\"social\",\"props\":{\"grid\":\"horizontal\",\"grid_column_gap\":\"small\",\"grid_row_gap\":\"small\",\"image_svg_inline\":true,\"link_style\":\"button\",\"link_target\":true,\"margin_bottom\":\"default\",\"margin_top\":\"default\"},\"children\":[{\"type\":\"social_item\",\"props\":{\"link\":\"https:\/\/www.linkedin.com\/in\/marianoballesterosheadhunter\/?locale=es_ES\",\"link_aria_label\":\"LinkedIn de Mariano Ballesteros\"}}]},{\"type\":\"text\",\"props\":{\"column_breakpoint\":\"m\",\"content\":\"\n\n<p>Soy Mariano Ballesteros, Vicepresidente de AURA. Mi carrera profesional como 'Headhunter' siempre se ha basado en una habilidad clave: la escucha profunda. Mi trabajo en EUROMANAGER consiste en entender las necesidades de las empresas y el talento de los directivos para construir puentes y encontrar el punto de uni\u00f3n perfecto. Descubr\u00ed que la mediaci\u00f3n utiliza esa misma escucha, pero con un prop\u00f3sito a\u00fan mayor: no solo para construir carreras, sino para reparar relaciones y transformar conflictos en caminos compartidos.<\/p>\n\n\",\"margin_bottom\":\"large\",\"margin_top\":\"large\",\"maxwidth\":\"xlarge\"}},{\"type\":\"quotation\",\"props\":{\"author\":\"Mariano Ballesteros\",\"content\":\"\u201cMi carrera se ha centrado en conectar talento con oportunidades. En la mediaci\u00f3n, hago lo mismo: conecto a las personas con la oportunidad de un acuerdo.\u201d\"}}]},{\"type\":\"column\",\"props\":{\"image\":\"wp-content\/uploads\/pattern.svg\",\"image_effect\":\"parallax\",\"image_parallax_bgy\":\"-60,-50\",\"image_parallax_easing\":\"1\",\"image_position\":\"bottom-left\",\"image_width\":\"350\",\"media_visibility\":\"m\",\"position_sticky_breakpoint\":\"m\",\"width_small\":\"1-2\"},\"children\":[{\"type\":\"image\",\"props\":{\"animation\":\"parallax\",\"image\":\"wp-content\/uploads\/2025\/11\/Mariano-Ballesteros-mediador.webp\",\"image_alt\":\"Mariano Ballesteros Mediador\",\"image_border\":\"pill\",\"image_svg_color\":\"emphasis\",\"image_width\":\"420\",\"margin_bottom\":\"\",\"margin_top\":\"\",\"parallax_breakpoint\":\"s\",\"parallax_easing\":\"1\",\"parallax_y\":\"-70,0\",\"text_align\":\"right\",\"text_align_breakpoint\":\"m\"}}]}]},{\"type\":\"row\",\"children\":[{\"type\":\"column\",\"props\":{\"image_position\":\"center-center\",\"position_sticky_breakpoint\":\"m\"},\"children\":[{\"type\":\"breadcrumbs\",\"props\":{\"show_current\":true,\"show_home\":true}}]}]}]},{\"name\":\"CV\",\"type\":\"section\",\"props\":{\"html_element\":\"section\",\"image_position\":\"center-center\",\"padding_bottom\":\"small\",\"padding_top\":\"small\",\"style\":\"default\",\"title_breakpoint\":\"xl\",\"title_position\":\"top-left\",\"title_rotation\":\"left\",\"vertical_align\":\"\",\"width\":\"default\"},\"children\":[{\"type\":\"row\",\"props\":{\"margin_bottom\":\"large\",\"margin_top\":\"large\"},\"children\":[{\"type\":\"column\",\"props\":{\"image_position\":\"center-center\",\"position_sticky_breakpoint\":\"m\",\"width_medium\":\"1-1\"},\"children\":[{\"type\":\"headline\",\"props\":{\"content\":\"Sobre m\u00ed\",\"image_align\":\"left\",\"image_margin\":\"xsmall\",\"title_color\":\"background\",\"title_element\":\"h2\",\"title_style\":\"h1\"}}]}]},{\"type\":\"row\",\"props\":{\"layout\":\"1-2,1-2\"},\"children\":[{\"type\":\"column\",\"props\":{\"image_position\":\"center-center\",\"position_sticky_breakpoint\":\"m\",\"width_medium\":\"1-2\"},\"children\":[{\"type\":\"headline\",\"props\":{\"content\":\"Formaci\u00f3n y experiencia\",\"image_align\":\"left\",\"image_margin\":\"xsmall\",\"margin_bottom\":\"remove\",\"margin_top\":\"remove\",\"title_decoration\":\"bullet\",\"title_element\":\"h3\",\"title_style\":\"h5\"}},{\"type\":\"text\",\"props\":{\"column_breakpoint\":\"m\",\"content\":\"\n\n<p>Mi trayectoria se ha consolidado en el Executive Search, fundando mi propia firma. Cuento con formaci\u00f3n de prestigio en escuelas de negocio como el IE Business School, y he sido profesor asociado en EAE, INESDI y La Salle, donde disfruto compartiendo conocimiento y actuando como mentor de nuevos profesionales.<\/p>\n\n\",\"margin_bottom\":\"small\",\"margin_top\":\"small\",\"maxwidth\":\"xlarge\"}}]},{\"type\":\"column\",\"props\":{\"image_position\":\"center-center\",\"position_sticky_breakpoint\":\"m\",\"width_medium\":\"1-2\"},\"children\":[{\"type\":\"headline\",\"props\":{\"content\":\"Mi compromiso con la mediaci\u00f3n\",\"image_align\":\"left\",\"image_margin\":\"xsmall\",\"margin_bottom\":\"remove\",\"margin_top\":\"remove\",\"title_decoration\":\"bullet\",\"title_element\":\"h3\",\"title_style\":\"h5\"}},{\"type\":\"text\",\"props\":{\"column_breakpoint\":\"m\",\"content\":\"\n\n<p>Creo en el poder transformador de la mediaci\u00f3n m\u00e1s all\u00e1 de lo empresarial. Mi compromiso social es firme, participando activamente como voluntario en proyectos para mejorar la empleabilidad y, muy especialmente, realizando mediaci\u00f3n en centros penitenciarios, donde he podido constatar su profundo impacto humano.<\/p>\n\n\",\"margin_bottom\":\"small\",\"margin_top\":\"small\",\"maxwidth\":\"xlarge\"}}]}]},{\"type\":\"row\",\"props\":{\"layout\":\"1-2,1-2\",\"margin_bottom\":\"large\",\"margin_top\":\"large\"},\"children\":[{\"type\":\"column\",\"props\":{\"image_position\":\"center-center\",\"position_sticky_breakpoint\":\"m\",\"width_medium\":\"1-2\"},\"children\":[{\"type\":\"headline\",\"props\":{\"content\":\"Un enfoque \u00e1gil e internacional\",\"image_align\":\"left\",\"image_margin\":\"xsmall\",\"margin_bottom\":\"remove\",\"margin_top\":\"large\",\"title_decoration\":\"bullet\",\"title_element\":\"h3\",\"title_style\":\"h5\"}},{\"type\":\"text\",\"props\":{\"column_breakpoint\":\"m\",\"content\":\"\n\n<p>Aporto a la mediaci\u00f3n una visi\u00f3n que une la experiencia senior en b\u00fasqueda de directivos con la adaptaci\u00f3n a las nuevas tendencias. Estoy certificado en Coaching Ejecutivo, Scrum y Metodolog\u00edas \u00c1giles. Adem\u00e1s, mi perfil es internacional, con dominio profesional de ingl\u00e9s y franc\u00e9s.<\/p>\n\n\",\"margin_bottom\":\"small\",\"margin_top\":\"small\",\"maxwidth\":\"xlarge\"}}]},{\"type\":\"column\",\"props\":{\"image_position\":\"center-center\",\"position_sticky_breakpoint\":\"m\",\"width_medium\":\"1-2\"},\"children\":[{\"type\":\"headline\",\"props\":{\"content\":\"Especialidades y cualificaciones\",\"image_align\":\"left\",\"image_margin\":\"xsmall\",\"margin_bottom\":\"remove\",\"margin_top\":\"large\",\"title_element\":\"h3\",\"title_style\":\"h4\"}},{\"type\":\"list\",\"props\":{\"column_breakpoint\":\"m\",\"image_align\":\"left\",\"image_svg_color\":\"emphasis\",\"image_vertical_align\":true,\"list_element\":\"ul\",\"list_horizontal_separator\":\", \",\"list_marker\":\"bullet\",\"list_type\":\"vertical\",\"show_image\":true,\"show_link\":true},\"children\":[{\"type\":\"list_item\",\"props\":{\"content\":\"Vicepresidente de AURA Mediadores\"}},{\"type\":\"list_item\",\"props\":{\"content\":\"Mediador (Civil, Mercantil, Organizacional)\"}},{\"type\":\"list_item\",\"props\":{\"content\":\"Headhunter y Experto en Executive Search (Firma EUROMANAGER)\"}},{\"type\":\"list_item\",\"props\":{\"content\":\"Coach ejecutivo certificado\"}},{\"type\":\"list_item\",\"props\":{\"content\":\"Experto en Metodolog\u00edas \u00c1giles y Scrum\"}},{\"type\":\"list_item\",\"props\":{\"content\":\"Profesor y mentor en escuelas de negocio\"}},{\"type\":\"list_item\",\"props\":{\"content\":\"Autor de libro sobre empleo y RSC\"}},{\"type\":\"list_item\",\"props\":{\"content\":\"<strong>Idiomas:<\/strong> Ingl\u00e9s y Franc\u00e9s (dominio profesional)\"}}]}]}]}]},{\"type\":\"section\",\"props\":{\"html_element\":\"section\",\"image\":\"wp-content\/uploads\/2025\/11\/cta-bg.svg\",\"image_position\":\"center-center\",\"padding_bottom\":\"xlarge\",\"padding_top\":\"xlarge\",\"style\":\"primary\",\"title_breakpoint\":\"xl\",\"title_position\":\"top-left\",\"title_rotation\":\"left\",\"vertical_align\":\"\",\"width\":\"default\"},\"children\":[{\"type\":\"row\",\"children\":[{\"type\":\"column\",\"props\":{\"image_position\":\"center-center\",\"position_sticky_breakpoint\":\"m\"},\"children\":[{\"type\":\"headline\",\"props\":{\"content\":\"\u00bfNecesitas<br \/> saber m\u00e1s?\",\"image_align\":\"left\",\"image_margin\":\"xsmall\",\"text_align\":\"center\",\"title_element\":\"h2\",\"title_style\":\"heading-large\"}},{\"type\":\"text\",\"props\":{\"block_align\":\"center\",\"column_breakpoint\":\"m\",\"content\":\"\n\n<p>Nuestro prop\u00f3sito principal es difundir y fomentar la mediaci\u00f3n en todos los \u00e1mbitos, pero muy especialmente en el \u00e1mbito jur\u00eddico.<\/p>\n\n\",\"margin_bottom\":\"medium\",\"margin_top\":\"medium\",\"maxwidth\":\"xlarge\",\"text_align\":\"center\",\"text_color\":\"emphasis\",\"text_style\":\"lead\"}},{\"type\":\"button\",\"props\":{\"grid_column_gap\":\"medium\",\"grid_row_gap\":\"small\",\"margin_bottom\":\"large\",\"margin_top\":\"large\",\"text_align\":\"center\"},\"children\":[{\"type\":\"button_item\",\"props\":{\"button_style\":\"default\",\"content\":\"Sobre nosotros\",\"dialog_layout\":\"modal\",\"dialog_offcanvas_flip\":true,\"icon_align\":\"left\",\"link\":\"nuestra-asociacion\/\",\"link_title\":\"Saber m\u00e1s de Aura\"}}]}]}]}],\"name\":\"Call to Action footer\"}],\"version\":\"5.0.20\"} --><\/p>\n","protected":false},"excerpt":{"rendered":"<p>Mariano Ballesteros Asociado fundador &#038; Vicepresidente de AURA Mediadores | Headhunter | Mentor linkedin Soy Mariano Ballesteros, Vicepresidente de AURA. Mi carrera profesional como &#8216;Headhunter&#8217; siempre se ha basado en una habilidad clave: la escucha profunda. Mi trabajo en EUROMANAGER consiste en entender las necesidades de las empresas y el talento de los directivos para [&hellip;]<\/p>\n","protected":false},"author":1,"featured_media":2709,"parent":0,"menu_order":0,"comment_status":"closed","ping_status":"closed","template":"","meta":{"_acf_changed":false,"footnotes":""},"class_list":["post-2696","page","type-page","status-publish","has-post-thumbnail","hentry"],"acf":[],"yoast_head":"<!-- This site is optimized with the Yoast SEO plugin v27.4 - https:\/\/yoast.com\/product\/yoast-seo-wordpress\/ -->\n<title>Mediador - Mariano Ballesteros | Aura Mediadores<\/title>\n<meta name=\"description\" content=\"Mariano Ballesteros, Vicepresidente de AURA. Headhunter experto en Executive Search y mediador con un fuerte compromiso social y empresarial.\" \/>\n<meta name=\"robots\" content=\"index, follow, max-snippet:-1, max-image-preview:large, max-video-preview:-1\" \/>\n<link rel=\"canonical\" href=\"https:\/\/auramediadores.com\/en\/mediador-mariano-ballesteros\/\" \/>\n<meta property=\"og:locale\" content=\"en_GB\" \/>\n<meta property=\"og:type\" content=\"article\" \/>\n<meta property=\"og:title\" content=\"Mediador - Mariano Ballesteros | Aura Mediadores\" \/>\n<meta property=\"og:description\" content=\"Mariano Ballesteros, Vicepresidente de AURA. Headhunter experto en Executive Search y mediador con un fuerte compromiso social y empresarial.\" \/>\n<meta property=\"og:url\" content=\"https:\/\/auramediadores.com\/en\/mediador-mariano-ballesteros\/\" \/>\n<meta property=\"og:site_name\" content=\"Aura Mediadores\" \/>\n<meta property=\"article:modified_time\" content=\"2026-03-12T09:06:23+00:00\" \/>\n<meta property=\"og:image\" content=\"https:\/\/auramediadores.com\/wp-content\/uploads\/2025\/11\/Mariano-Ballesteros-mediador.webp\" \/>\n\t<meta property=\"og:image:width\" content=\"540\" \/>\n\t<meta property=\"og:image:height\" content=\"850\" \/>\n\t<meta property=\"og:image:type\" content=\"image\/webp\" \/>\n<meta name=\"twitter:card\" content=\"summary_large_image\" \/>\n<meta name=\"twitter:label1\" content=\"Est. reading time\" \/>\n\t<meta name=\"twitter:data1\" content=\"2 minutes\" \/>\n<script type=\"application\/ld+json\" class=\"yoast-schema-graph\">{\"@context\":\"https:\\\/\\\/schema.org\",\"@graph\":[{\"@type\":\"WebPage\",\"@id\":\"https:\\\/\\\/auramediadores.com\\\/mediador-mariano-ballesteros\\\/\",\"url\":\"https:\\\/\\\/auramediadores.com\\\/mediador-mariano-ballesteros\\\/\",\"name\":\"Mediador - Mariano Ballesteros | Aura Mediadores\",\"isPartOf\":{\"@id\":\"https:\\\/\\\/auramediadores.com\\\/#website\"},\"primaryImageOfPage\":{\"@id\":\"https:\\\/\\\/auramediadores.com\\\/mediador-mariano-ballesteros\\\/#primaryimage\"},\"image\":{\"@id\":\"https:\\\/\\\/auramediadores.com\\\/mediador-mariano-ballesteros\\\/#primaryimage\"},\"thumbnailUrl\":\"https:\\\/\\\/auramediadores.com\\\/wp-content\\\/uploads\\\/2025\\\/11\\\/Mariano-Ballesteros-mediador.webp\",\"datePublished\":\"2025-11-10T15:28:31+00:00\",\"dateModified\":\"2026-03-12T09:06:23+00:00\",\"description\":\"Mariano Ballesteros, Vicepresidente de AURA. Headhunter experto en Executive Search y mediador con un fuerte compromiso social y empresarial.\",\"breadcrumb\":{\"@id\":\"https:\\\/\\\/auramediadores.com\\\/mediador-mariano-ballesteros\\\/#breadcrumb\"},\"inLanguage\":\"en-GB\",\"potentialAction\":[{\"@type\":\"ReadAction\",\"target\":[\"https:\\\/\\\/auramediadores.com\\\/mediador-mariano-ballesteros\\\/\"]}]},{\"@type\":\"ImageObject\",\"inLanguage\":\"en-GB\",\"@id\":\"https:\\\/\\\/auramediadores.com\\\/mediador-mariano-ballesteros\\\/#primaryimage\",\"url\":\"https:\\\/\\\/auramediadores.com\\\/wp-content\\\/uploads\\\/2025\\\/11\\\/Mariano-Ballesteros-mediador.webp\",\"contentUrl\":\"https:\\\/\\\/auramediadores.com\\\/wp-content\\\/uploads\\\/2025\\\/11\\\/Mariano-Ballesteros-mediador.webp\",\"width\":540,\"height\":850,\"caption\":\"Mariano Ballesteros Mediador\"},{\"@type\":\"BreadcrumbList\",\"@id\":\"https:\\\/\\\/auramediadores.com\\\/mediador-mariano-ballesteros\\\/#breadcrumb\",\"itemListElement\":[{\"@type\":\"ListItem\",\"position\":1,\"name\":\"Home\",\"item\":\"https:\\\/\\\/auramediadores.com\\\/\"},{\"@type\":\"ListItem\",\"position\":2,\"name\":\"Mariano Ballesteros\"}]},{\"@type\":\"WebSite\",\"@id\":\"https:\\\/\\\/auramediadores.com\\\/#website\",\"url\":\"https:\\\/\\\/auramediadores.com\\\/\",\"name\":\"Aura Mediadores\",\"description\":\"Asociaci\u00f3n espa\u00f1ola de mediadores\",\"publisher\":{\"@id\":\"https:\\\/\\\/auramediadores.com\\\/#organization\"},\"potentialAction\":[{\"@type\":\"SearchAction\",\"target\":{\"@type\":\"EntryPoint\",\"urlTemplate\":\"https:\\\/\\\/auramediadores.com\\\/?s={search_term_string}\"},\"query-input\":{\"@type\":\"PropertyValueSpecification\",\"valueRequired\":true,\"valueName\":\"search_term_string\"}}],\"inLanguage\":\"en-GB\"},{\"@type\":\"Organization\",\"@id\":\"https:\\\/\\\/auramediadores.com\\\/#organization\",\"name\":\"Aura Mediadores\",\"url\":\"https:\\\/\\\/auramediadores.com\\\/\",\"logo\":{\"@type\":\"ImageObject\",\"inLanguage\":\"en-GB\",\"@id\":\"https:\\\/\\\/auramediadores.com\\\/#\\\/schema\\\/logo\\\/image\\\/\",\"url\":\"https:\\\/\\\/auramediadores.com\\\/wp-content\\\/uploads\\\/2026\\\/01\\\/Favi-Aura-Mediadores-96x96-1.png\",\"contentUrl\":\"https:\\\/\\\/auramediadores.com\\\/wp-content\\\/uploads\\\/2026\\\/01\\\/Favi-Aura-Mediadores-96x96-1.png\",\"width\":96,\"height\":96,\"caption\":\"Aura Mediadores\"},\"image\":{\"@id\":\"https:\\\/\\\/auramediadores.com\\\/#\\\/schema\\\/logo\\\/image\\\/\"},\"sameAs\":[\"https:\\\/\\\/www.linkedin.com\\\/in\\\/aura-mediadores-2b7512397\\\/\"]}]}<\/script>\n<!-- \/ Yoast SEO plugin. -->","yoast_head_json":{"title":"Mediador - Mariano Ballesteros | Aura Mediadores","description":"Mariano Ballesteros, Vicepresidente de AURA. Headhunter experto en Executive Search y mediador con un fuerte compromiso social y empresarial.","robots":{"index":"index","follow":"follow","max-snippet":"max-snippet:-1","max-image-preview":"max-image-preview:large","max-video-preview":"max-video-preview:-1"},"canonical":"https:\/\/auramediadores.com\/en\/mediador-mariano-ballesteros\/","og_locale":"en_GB","og_type":"article","og_title":"Mediador - Mariano Ballesteros | Aura Mediadores","og_description":"Mariano Ballesteros, Vicepresidente de AURA. Headhunter experto en Executive Search y mediador con un fuerte compromiso social y empresarial.","og_url":"https:\/\/auramediadores.com\/en\/mediador-mariano-ballesteros\/","og_site_name":"Aura Mediadores","article_modified_time":"2026-03-12T09:06:23+00:00","og_image":[{"width":540,"height":850,"url":"https:\/\/auramediadores.com\/wp-content\/uploads\/2025\/11\/Mariano-Ballesteros-mediador.webp","type":"image\/webp"}],"twitter_card":"summary_large_image","twitter_misc":{"Est. reading time":"2 minutes"},"schema":{"@context":"https:\/\/schema.org","@graph":[{"@type":"WebPage","@id":"https:\/\/auramediadores.com\/mediador-mariano-ballesteros\/","url":"https:\/\/auramediadores.com\/mediador-mariano-ballesteros\/","name":"Mediador - Mariano Ballesteros | Aura Mediadores","isPartOf":{"@id":"https:\/\/auramediadores.com\/#website"},"primaryImageOfPage":{"@id":"https:\/\/auramediadores.com\/mediador-mariano-ballesteros\/#primaryimage"},"image":{"@id":"https:\/\/auramediadores.com\/mediador-mariano-ballesteros\/#primaryimage"},"thumbnailUrl":"https:\/\/auramediadores.com\/wp-content\/uploads\/2025\/11\/Mariano-Ballesteros-mediador.webp","datePublished":"2025-11-10T15:28:31+00:00","dateModified":"2026-03-12T09:06:23+00:00","description":"Mariano Ballesteros, Vicepresidente de AURA. Headhunter experto en Executive Search y mediador con un fuerte compromiso social y empresarial.","breadcrumb":{"@id":"https:\/\/auramediadores.com\/mediador-mariano-ballesteros\/#breadcrumb"},"inLanguage":"en-GB","potentialAction":[{"@type":"ReadAction","target":["https:\/\/auramediadores.com\/mediador-mariano-ballesteros\/"]}]},{"@type":"ImageObject","inLanguage":"en-GB","@id":"https:\/\/auramediadores.com\/mediador-mariano-ballesteros\/#primaryimage","url":"https:\/\/auramediadores.com\/wp-content\/uploads\/2025\/11\/Mariano-Ballesteros-mediador.webp","contentUrl":"https:\/\/auramediadores.com\/wp-content\/uploads\/2025\/11\/Mariano-Ballesteros-mediador.webp","width":540,"height":850,"caption":"Mariano Ballesteros Mediador"},{"@type":"BreadcrumbList","@id":"https:\/\/auramediadores.com\/mediador-mariano-ballesteros\/#breadcrumb","itemListElement":[{"@type":"ListItem","position":1,"name":"Home","item":"https:\/\/auramediadores.com\/"},{"@type":"ListItem","position":2,"name":"Mariano Ballesteros"}]},{"@type":"WebSite","@id":"https:\/\/auramediadores.com\/#website","url":"https:\/\/auramediadores.com\/","name":"Aura Mediadores","description":"Asociaci\u00f3n espa\u00f1ola de mediadores","publisher":{"@id":"https:\/\/auramediadores.com\/#organization"},"potentialAction":[{"@type":"SearchAction","target":{"@type":"EntryPoint","urlTemplate":"https:\/\/auramediadores.com\/?s={search_term_string}"},"query-input":{"@type":"PropertyValueSpecification","valueRequired":true,"valueName":"search_term_string"}}],"inLanguage":"en-GB"},{"@type":"Organization","@id":"https:\/\/auramediadores.com\/#organization","name":"Aura Mediadores","url":"https:\/\/auramediadores.com\/","logo":{"@type":"ImageObject","inLanguage":"en-GB","@id":"https:\/\/auramediadores.com\/#\/schema\/logo\/image\/","url":"https:\/\/auramediadores.com\/wp-content\/uploads\/2026\/01\/Favi-Aura-Mediadores-96x96-1.png","contentUrl":"https:\/\/auramediadores.com\/wp-content\/uploads\/2026\/01\/Favi-Aura-Mediadores-96x96-1.png","width":96,"height":96,"caption":"Aura Mediadores"},"image":{"@id":"https:\/\/auramediadores.com\/#\/schema\/logo\/image\/"},"sameAs":["https:\/\/www.linkedin.com\/in\/aura-mediadores-2b7512397\/"]}]}},"_hostinger_reach_plugin_has_subscription_block":false,"_hostinger_reach_plugin_is_elementor":false,"_links":{"self":[{"href":"https:\/\/auramediadores.com\/en\/wp-json\/wp\/v2\/pages\/2696","targetHints":{"allow":["GET"]}}],"collection":[{"href":"https:\/\/auramediadores.com\/en\/wp-json\/wp\/v2\/pages"}],"about":[{"href":"https:\/\/auramediadores.com\/en\/wp-json\/wp\/v2\/types\/page"}],"author":[{"embeddable":true,"href":"https:\/\/auramediadores.com\/en\/wp-json\/wp\/v2\/users\/1"}],"replies":[{"embeddable":true,"href":"https:\/\/auramediadores.com\/en\/wp-json\/wp\/v2\/comments?post=2696"}],"version-history":[{"count":18,"href":"https:\/\/auramediadores.com\/en\/wp-json\/wp\/v2\/pages\/2696\/revisions"}],"predecessor-version":[{"id":3620,"href":"https:\/\/auramediadores.com\/en\/wp-json\/wp\/v2\/pages\/2696\/revisions\/3620"}],"wp:featuredmedia":[{"embeddable":true,"href":"https:\/\/auramediadores.com\/en\/wp-json\/wp\/v2\/media\/2709"}],"wp:attachment":[{"href":"https:\/\/auramediadores.com\/en\/wp-json\/wp\/v2\/media?parent=2696"}],"curies":[{"name":"wp","href":"https:\/\/api.w.org\/{rel}","templated":true}]}}