{"id":2485,"date":"2025-11-07T16:31:19","date_gmt":"2025-11-07T16:31:19","guid":{"rendered":"https:\/\/auramediadores.com\/?page_id=2485"},"modified":"2026-03-12T09:11:20","modified_gmt":"2026-03-12T09:11:20","slug":"mediadora-leonor-gomez","status":"publish","type":"page","link":"https:\/\/auramediadores.com\/en\/mediadora-leonor-gomez\/","title":{"rendered":"Leonor G\u00f3mez Recio"},"content":{"rendered":"<h1><span class=\"uk-text-background\">Leonor <\/span><br \/>\n<br class=\"uk-visible@m\">G\u00f3mez<\/h1>\n<div>Presidenta y Asociada fundadora de AURA Mediadores | Mediadora | Abogada | Coach<\/div>\n<ul>\n<li><a href=\"https:\/\/www.linkedin.com\/in\/lgomezrecio\/\">linkedin<\/a>\n<\/li>\n<\/ul>\n<div>Soy Leonor G\u00f3mez Recio. Mi carrera profesional ha sido un viaje entre dos mundos, el rigor del derecho como abogada y el desarrollo humano como coach. Durante mucho tiempo, busqu\u00e9 la forma de unir esas dos pasiones, y la encontr\u00e9 en la mediaci\u00f3n. Para m\u00ed, la mediaci\u00f3n es la herramienta donde encontr\u00e9 mi verdadero prop\u00f3sito: un espacio que combina la visi\u00f3n jur\u00eddica con la emocional. Por eso fund\u00e9 AURA, para impulsar un cambio real y ayudar a otros a encontrar soluciones desde la escucha y el entendimiento.<\/div>\n<blockquote>\n<p>    \u201cCreo firmemente en la mediaci\u00f3n y en los beneficios que puede aportar, tanto desde un punto de vista jur\u00eddico como emocional.\u201d<\/p>\n<footer>\n<p>                <cite>Leonor G\u00f3mez Recio<\/cite><\/p>\n<\/footer>\n<\/blockquote>\n<p><img decoding=\"async\" src=\"\/wp-content\/uploads\/2025\/11\/Leonor-Gomez-Recio-presidenta.webp\" alt=\"Leonor G\u00f3mez Recio\"><\/p>\n<h2>Sobre m\u00ed<\/h2>\n<h3>Formaci\u00f3n y experiencia<\/h3>\n<div>\n<p>Mi base es el Derecho. Soy Abogada colegiada, he formado parte de firmas como Cuatrecasas, Ur\u00eda Men\u00e9ndez y Blas Camacho Abogados y prepar\u00e9 la oposici\u00f3n a la carrera judicial, lo que me dio una especializaci\u00f3n muy profunda. Esta s\u00f3lida base jur\u00eddica la complemento con mi faceta como Coach (Onor Coaching) y, por supuesto, como Mediadora inscrita en el MediaICAM.<\/p>\n<\/div>\n<h3>Lo que m\u00e1s valoro de la mediaci\u00f3n<\/h3>\n<div>\n<p>Asumo mi rol con un verdadero esp\u00edritu de servicio. Mi enfoque se basa en tres pilares: escucha, s\u00edntesis y cooperaci\u00f3n. Como coach, ofrezco un espacio de di\u00e1logo confidencial y aut\u00e9ntico; como abogada, aporto el rigor y la estructura para que los acuerdos sean jur\u00eddicamente claros, precisos y viables.<\/p>\n<\/div>\n<h3>Mi enfoque personal<\/h3>\n<div>\n<p>Me apasiona el proceso de transformaci\u00f3n. Como coach, mi misi\u00f3n es acompa\u00f1ar a las personas a superar bloqueos y alcanzar su mejor versi\u00f3n. Como mediadora, mi objetivo es el similar: facilitar un espacio seguro para que las partes transformen un enfrentamiento en un acuerdo, obteniendo nuevas perspectivas y dise\u00f1ando ellas mismas una soluci\u00f3n.<\/p>\n<\/div>\n<h3>Especialidades y cualificaciones<\/h3>\n<ul>\n<li>\n<div>Presidenta de AURA Mediadores<\/div>\n<\/li>\n<li>\n<div>Mediadora (Civil, Mercantil, Familiar)<\/div>\n<\/li>\n<li>\n<div>Abogada (Procesal Civil y Mercantil)<\/div>\n<\/li>\n<li>\n<div>\u2060Coach Ejecutivo y de Equipos (Onor Coaching) <\/div>\n<\/li>\n<li>\n<div>Mediadora en MediaICAM<\/div>\n<\/li>\n<li>\n<div>Abogada colegiada en el Ilustre Colegio de la Abogac\u00eda de Madrid (ICAM)<\/div>\n<\/li>\n<li>\n<div>Coach en el Ilustre Colegio de la Abogac\u00eda de Madrid (ICAM)<\/div>\n<\/li>\n<li>\n<div>Miembro de Nova Talent<\/div>\n<\/li>\n<li>\n<div>Experiencia internacional (Italia, Francia, EE.UU.,\u00a0Reino\u00a0Unido)<\/div>\n<\/li>\n<\/ul>\n<h2>\u00bfNecesitas<br \/> saber m\u00e1s?<\/h2>\n<div>\n<p>Nuestro prop\u00f3sito principal es difundir y fomentar la mediaci\u00f3n en todos los \u00e1mbitos, pero muy especialmente en el \u00e1mbito jur\u00eddico.<\/p>\n<\/div>\n<p><p>\n        <a href=\"\/nuestra-asociacion\/\">Sobre nosotros<\/a>\n    <\/p>\n<\/p>\n<p><!--more--><br \/>\n<!-- {\"type\":\"layout\",\"children\":[{\"name\":\"About\",\"type\":\"section\",\"props\":{\"html_element\":\"header\",\"image_effect\":\"parallax\",\"image_parallax_bgx\":\"80,80\",\"image_parallax_easing\":\"1\",\"image_position\":\"bottom-right\",\"image_width\":\"350\",\"padding_bottom\":\"none\",\"padding_top\":\"large\",\"style\":\"default\",\"title_breakpoint\":\"xl\",\"title_position\":\"center-right\",\"title_rotation\":\"left\",\"vertical_align\":\"\",\"width\":\"default\"},\"children\":[{\"type\":\"row\",\"props\":{\"column_gap\":\"small\",\"layout\":\"1-2,1-2\",\"row_gap\":\"small\"},\"children\":[{\"type\":\"column\",\"props\":{\"image_position\":\"center-center\",\"position_sticky_breakpoint\":\"m\",\"width_small\":\"1-2\"},\"children\":[{\"type\":\"headline\",\"props\":{\"content\":\"<span class=\\\"uk-text-background\\\">Leonor <\/span>\\n<br class=\\\"uk-visible@m\\\">G\u00f3mez\",\"image_align\":\"left\",\"image_margin\":\"xsmall\",\"title_decoration\":\"line\",\"title_element\":\"h1\",\"title_style\":\"heading-large\"}},{\"type\":\"headline\",\"props\":{\"content\":\"Presidenta y Asociada fundadora de AURA Mediadores | Mediadora | Abogada | Coach\",\"image_align\":\"left\",\"image_margin\":\"xsmall\",\"margin_bottom\":\"remove\",\"margin_top\":\"remove\",\"title_decoration\":\"bullet\",\"title_element\":\"div\",\"title_style\":\"h5\"}},{\"type\":\"social\",\"props\":{\"grid\":\"horizontal\",\"grid_column_gap\":\"small\",\"grid_row_gap\":\"small\",\"image_svg_inline\":true,\"link_style\":\"button\",\"link_target\":true,\"margin_bottom\":\"default\",\"margin_top\":\"default\"},\"children\":[{\"type\":\"social_item\",\"props\":{\"link\":\"https:\/\/www.linkedin.com\/in\/lgomezrecio\/\",\"link_aria_label\":\"LinkedIn de Leonor G\u00f3mez Recio\"}}]},{\"type\":\"text\",\"props\":{\"column_breakpoint\":\"m\",\"content\":\"Soy Leonor G\u00f3mez Recio. Mi carrera profesional ha sido un viaje entre dos mundos, el rigor del derecho como abogada y el desarrollo humano como coach. Durante mucho tiempo, busqu\u00e9 la forma de unir esas dos pasiones, y la encontr\u00e9 en la mediaci\u00f3n. Para m\u00ed, la mediaci\u00f3n es la herramienta donde encontr\u00e9 mi verdadero prop\u00f3sito: un espacio que combina la visi\u00f3n jur\u00eddica con la emocional. Por eso fund\u00e9 AURA, para impulsar un cambio real y ayudar a otros a encontrar soluciones desde la escucha y el entendimiento.\",\"margin_bottom\":\"large\",\"margin_top\":\"large\",\"maxwidth\":\"xlarge\"}},{\"type\":\"quotation\",\"props\":{\"author\":\"Leonor G\u00f3mez Recio\",\"content\":\"\u201cCreo firmemente en la mediaci\u00f3n y en los beneficios que puede aportar, tanto desde un punto de vista jur\u00eddico como emocional.\u201d\"}}]},{\"type\":\"column\",\"props\":{\"image\":\"wp-content\/uploads\/pattern.svg\",\"image_effect\":\"parallax\",\"image_parallax_bgy\":\"-60,-50\",\"image_parallax_easing\":\"1\",\"image_position\":\"bottom-left\",\"image_width\":\"350\",\"media_visibility\":\"m\",\"position_sticky_breakpoint\":\"m\",\"width_small\":\"1-2\"},\"children\":[{\"type\":\"image\",\"props\":{\"animation\":\"parallax\",\"image\":\"wp-content\/uploads\/2025\/11\/Leonor-Gomez-Recio-presidenta.webp\",\"image_alt\":\"Leonor G\u00f3mez Recio\",\"image_border\":\"pill\",\"image_svg_color\":\"emphasis\",\"image_width\":\"420\",\"margin_bottom\":\"\",\"margin_top\":\"\",\"parallax_breakpoint\":\"s\",\"parallax_easing\":\"1\",\"parallax_y\":\"-70,0\",\"text_align\":\"right\",\"text_align_breakpoint\":\"m\"}}]}]},{\"type\":\"row\",\"children\":[{\"type\":\"column\",\"props\":{\"image_position\":\"center-center\",\"position_sticky_breakpoint\":\"m\"},\"children\":[{\"type\":\"breadcrumbs\",\"props\":{\"show_current\":true,\"show_home\":true}}]}]}]},{\"name\":\"CV\",\"type\":\"section\",\"props\":{\"html_element\":\"section\",\"image_position\":\"center-center\",\"padding_bottom\":\"small\",\"padding_top\":\"small\",\"style\":\"default\",\"title_breakpoint\":\"xl\",\"title_position\":\"top-left\",\"title_rotation\":\"left\",\"vertical_align\":\"\",\"width\":\"default\"},\"children\":[{\"type\":\"row\",\"props\":{\"margin_bottom\":\"large\",\"margin_top\":\"large\"},\"children\":[{\"type\":\"column\",\"props\":{\"image_position\":\"center-center\",\"position_sticky_breakpoint\":\"m\",\"width_medium\":\"1-1\"},\"children\":[{\"type\":\"headline\",\"props\":{\"content\":\"Sobre m\u00ed\",\"image_align\":\"left\",\"image_margin\":\"xsmall\",\"title_color\":\"background\",\"title_element\":\"h2\",\"title_style\":\"h1\"}}]}]},{\"type\":\"row\",\"props\":{\"layout\":\"1-2,1-2\"},\"children\":[{\"type\":\"column\",\"props\":{\"image_position\":\"center-center\",\"position_sticky_breakpoint\":\"m\",\"width_medium\":\"1-2\"},\"children\":[{\"type\":\"headline\",\"props\":{\"content\":\"Formaci\u00f3n y experiencia\",\"image_align\":\"left\",\"image_margin\":\"xsmall\",\"margin_bottom\":\"remove\",\"margin_top\":\"remove\",\"title_decoration\":\"bullet\",\"title_element\":\"h3\",\"title_style\":\"h5\"}},{\"type\":\"text\",\"props\":{\"column_breakpoint\":\"m\",\"content\":\"\n\n<p>Mi base es el Derecho. Soy Abogada colegiada, he formado parte de firmas como Cuatrecasas, Ur\u00eda Men\u00e9ndez y Blas Camacho Abogados y prepar\u00e9 la oposici\u00f3n a la carrera judicial, lo que me dio una especializaci\u00f3n muy profunda. Esta s\u00f3lida base jur\u00eddica la complemento con mi faceta como Coach (Onor Coaching) y, por supuesto, como Mediadora inscrita en el MediaICAM.<\/p>\n\n\",\"margin_bottom\":\"small\",\"margin_top\":\"small\",\"maxwidth\":\"xlarge\"}}]},{\"type\":\"column\",\"props\":{\"image_position\":\"center-center\",\"position_sticky_breakpoint\":\"m\",\"width_medium\":\"1-2\"},\"children\":[{\"type\":\"headline\",\"props\":{\"content\":\"Lo que m\u00e1s valoro de la mediaci\u00f3n\",\"image_align\":\"left\",\"image_margin\":\"xsmall\",\"margin_bottom\":\"remove\",\"margin_top\":\"remove\",\"title_decoration\":\"bullet\",\"title_element\":\"h3\",\"title_style\":\"h5\"}},{\"type\":\"text\",\"props\":{\"column_breakpoint\":\"m\",\"content\":\"\n\n<p>Asumo mi rol con un verdadero esp\u00edritu de servicio. Mi enfoque se basa en tres pilares: escucha, s\u00edntesis y cooperaci\u00f3n. Como coach, ofrezco un espacio de di\u00e1logo confidencial y aut\u00e9ntico; como abogada, aporto el rigor y la estructura para que los acuerdos sean jur\u00eddicamente claros, precisos y viables.<\/p>\n\n\",\"margin_bottom\":\"small\",\"margin_top\":\"small\",\"maxwidth\":\"xlarge\"}}]}]},{\"type\":\"row\",\"props\":{\"layout\":\"1-2,1-2\",\"margin_bottom\":\"large\",\"margin_top\":\"large\"},\"children\":[{\"type\":\"column\",\"props\":{\"image_position\":\"center-center\",\"position_sticky_breakpoint\":\"m\",\"width_medium\":\"1-2\"},\"children\":[{\"type\":\"headline\",\"props\":{\"content\":\"Mi enfoque personal\",\"image_align\":\"left\",\"image_margin\":\"xsmall\",\"margin_bottom\":\"remove\",\"margin_top\":\"large\",\"title_decoration\":\"bullet\",\"title_element\":\"h3\",\"title_style\":\"h5\"}},{\"type\":\"text\",\"props\":{\"column_breakpoint\":\"m\",\"content\":\"\n\n<p>Me apasiona el proceso de transformaci\u00f3n. Como coach, mi misi\u00f3n es acompa\u00f1ar a las personas a superar bloqueos y alcanzar su mejor versi\u00f3n. Como mediadora, mi objetivo es el similar: facilitar un espacio seguro para que las partes transformen un enfrentamiento en un acuerdo, obteniendo nuevas perspectivas y dise\u00f1ando ellas mismas una soluci\u00f3n.<\/p>\n\n\",\"margin_bottom\":\"small\",\"margin_top\":\"small\",\"maxwidth\":\"xlarge\"}}]},{\"type\":\"column\",\"props\":{\"image_position\":\"center-center\",\"position_sticky_breakpoint\":\"m\",\"width_medium\":\"1-2\"},\"children\":[{\"type\":\"headline\",\"props\":{\"content\":\"Especialidades y cualificaciones\",\"image_align\":\"left\",\"image_margin\":\"xsmall\",\"margin_bottom\":\"remove\",\"margin_top\":\"large\",\"title_element\":\"h3\",\"title_style\":\"h4\"}},{\"type\":\"list\",\"props\":{\"column_breakpoint\":\"m\",\"image_align\":\"left\",\"image_svg_color\":\"emphasis\",\"image_vertical_align\":true,\"list_element\":\"ul\",\"list_horizontal_separator\":\", \",\"list_marker\":\"bullet\",\"list_type\":\"vertical\",\"show_image\":true,\"show_link\":true},\"children\":[{\"type\":\"list_item\",\"props\":{\"content\":\"Presidenta de AURA Mediadores\"}},{\"type\":\"list_item\",\"props\":{\"content\":\"Mediadora (Civil, Mercantil, Familiar)\"}},{\"type\":\"list_item\",\"props\":{\"content\":\"Abogada (Procesal Civil y Mercantil)\"}},{\"type\":\"list_item\",\"props\":{\"content\":\"\u2060Coach Ejecutivo y de Equipos (Onor Coaching) \"}},{\"type\":\"list_item\",\"props\":{\"content\":\"Mediadora en MediaICAM\"}},{\"type\":\"list_item\",\"props\":{\"content\":\"Abogada colegiada en el Ilustre Colegio de la Abogac\u00eda de Madrid (ICAM)\"}},{\"type\":\"list_item\",\"props\":{\"content\":\"Coach en el Ilustre Colegio de la Abogac\u00eda de Madrid (ICAM)\"}},{\"type\":\"list_item\",\"props\":{\"content\":\"Miembro de Nova Talent\"}},{\"type\":\"list_item\",\"props\":{\"content\":\"Experiencia internacional (Italia, Francia, EE.UU.,\u00a0Reino\u00a0Unido)\"}}]}]}]}]},{\"type\":\"section\",\"props\":{\"html_element\":\"section\",\"image\":\"wp-content\/uploads\/2025\/11\/cta-bg.svg\",\"image_position\":\"center-center\",\"padding_bottom\":\"xlarge\",\"padding_top\":\"xlarge\",\"style\":\"primary\",\"title_breakpoint\":\"xl\",\"title_position\":\"top-left\",\"title_rotation\":\"left\",\"vertical_align\":\"\",\"width\":\"default\"},\"children\":[{\"type\":\"row\",\"children\":[{\"type\":\"column\",\"props\":{\"image_position\":\"center-center\",\"position_sticky_breakpoint\":\"m\"},\"children\":[{\"type\":\"headline\",\"props\":{\"content\":\"\u00bfNecesitas<br \/> saber m\u00e1s?\",\"image_align\":\"left\",\"image_margin\":\"xsmall\",\"text_align\":\"center\",\"title_element\":\"h2\",\"title_style\":\"heading-large\"}},{\"type\":\"text\",\"props\":{\"block_align\":\"center\",\"column_breakpoint\":\"m\",\"content\":\"\n\n<p>Nuestro prop\u00f3sito principal es difundir y fomentar la mediaci\u00f3n en todos los \u00e1mbitos, pero muy especialmente en el \u00e1mbito jur\u00eddico.<\/p>\n\n\",\"margin_bottom\":\"medium\",\"margin_top\":\"medium\",\"maxwidth\":\"xlarge\",\"text_align\":\"center\",\"text_color\":\"emphasis\",\"text_style\":\"lead\"}},{\"type\":\"button\",\"props\":{\"grid_column_gap\":\"medium\",\"grid_row_gap\":\"small\",\"margin_bottom\":\"large\",\"margin_top\":\"large\",\"text_align\":\"center\"},\"children\":[{\"type\":\"button_item\",\"props\":{\"button_style\":\"default\",\"content\":\"Sobre nosotros\",\"dialog_layout\":\"modal\",\"dialog_offcanvas_flip\":true,\"icon_align\":\"left\",\"link\":\"nuestra-asociacion\/\",\"link_title\":\"Saber m\u00e1s de Aura\"}}]}]}]}],\"name\":\"Call to Action footer\"}],\"version\":\"5.0.20\"} --><\/p>\n","protected":false},"excerpt":{"rendered":"<p>Leonor G\u00f3mez Presidenta y Asociada fundadora de AURA Mediadores | Mediadora | Abogada | Coach linkedin Soy Leonor G\u00f3mez Recio. Mi carrera profesional ha sido un viaje entre dos mundos, el rigor del derecho como abogada y el desarrollo humano como coach. Durante mucho tiempo, busqu\u00e9 la forma de unir esas dos pasiones, y la [&hellip;]<\/p>\n","protected":false},"author":1,"featured_media":0,"parent":0,"menu_order":0,"comment_status":"closed","ping_status":"closed","template":"","meta":{"_acf_changed":false,"footnotes":""},"class_list":["post-2485","page","type-page","status-publish","hentry"],"acf":[],"yoast_head":"<!-- This site is optimized with the Yoast SEO plugin v27.4 - https:\/\/yoast.com\/product\/yoast-seo-wordpress\/ -->\n<title>Mediadora - Leonor G\u00f3mez Recio | Aura Mediadores<\/title>\n<meta name=\"description\" content=\"Leonor G\u00f3mez Recio, Presidenta de AURA. Abogada, mediadora y coach experta en civil y mercantil, enfocada en el rigor y la transformaci\u00f3n.\" \/>\n<meta name=\"robots\" content=\"index, follow, max-snippet:-1, max-image-preview:large, max-video-preview:-1\" \/>\n<link rel=\"canonical\" href=\"https:\/\/auramediadores.com\/en\/mediadora-leonor-gomez\/\" \/>\n<meta property=\"og:locale\" content=\"en_GB\" \/>\n<meta property=\"og:type\" content=\"article\" \/>\n<meta property=\"og:title\" content=\"Mediadora - Leonor G\u00f3mez Recio | Aura Mediadores\" \/>\n<meta property=\"og:description\" content=\"Leonor G\u00f3mez Recio, Presidenta de AURA. Abogada, mediadora y coach experta en civil y mercantil, enfocada en el rigor y la transformaci\u00f3n.\" \/>\n<meta property=\"og:url\" content=\"https:\/\/auramediadores.com\/en\/mediadora-leonor-gomez\/\" \/>\n<meta property=\"og:site_name\" content=\"Aura Mediadores\" \/>\n<meta property=\"article:modified_time\" content=\"2026-03-12T09:11:20+00:00\" \/>\n<meta name=\"twitter:card\" content=\"summary_large_image\" \/>\n<meta name=\"twitter:label1\" content=\"Est. reading time\" \/>\n\t<meta name=\"twitter:data1\" content=\"2 minutes\" \/>\n<script type=\"application\/ld+json\" class=\"yoast-schema-graph\">{\"@context\":\"https:\\\/\\\/schema.org\",\"@graph\":[{\"@type\":\"WebPage\",\"@id\":\"https:\\\/\\\/auramediadores.com\\\/mediadora-leonor-gomez\\\/\",\"url\":\"https:\\\/\\\/auramediadores.com\\\/mediadora-leonor-gomez\\\/\",\"name\":\"Mediadora - Leonor G\u00f3mez Recio | Aura Mediadores\",\"isPartOf\":{\"@id\":\"https:\\\/\\\/auramediadores.com\\\/#website\"},\"datePublished\":\"2025-11-07T16:31:19+00:00\",\"dateModified\":\"2026-03-12T09:11:20+00:00\",\"description\":\"Leonor G\u00f3mez Recio, Presidenta de AURA. Abogada, mediadora y coach experta en civil y mercantil, enfocada en el rigor y la transformaci\u00f3n.\",\"breadcrumb\":{\"@id\":\"https:\\\/\\\/auramediadores.com\\\/mediadora-leonor-gomez\\\/#breadcrumb\"},\"inLanguage\":\"en-GB\",\"potentialAction\":[{\"@type\":\"ReadAction\",\"target\":[\"https:\\\/\\\/auramediadores.com\\\/mediadora-leonor-gomez\\\/\"]}]},{\"@type\":\"BreadcrumbList\",\"@id\":\"https:\\\/\\\/auramediadores.com\\\/mediadora-leonor-gomez\\\/#breadcrumb\",\"itemListElement\":[{\"@type\":\"ListItem\",\"position\":1,\"name\":\"Home\",\"item\":\"https:\\\/\\\/auramediadores.com\\\/\"},{\"@type\":\"ListItem\",\"position\":2,\"name\":\"Leonor G\u00f3mez Recio\"}]},{\"@type\":\"WebSite\",\"@id\":\"https:\\\/\\\/auramediadores.com\\\/#website\",\"url\":\"https:\\\/\\\/auramediadores.com\\\/\",\"name\":\"Aura Mediadores\",\"description\":\"Asociaci\u00f3n espa\u00f1ola de mediadores\",\"publisher\":{\"@id\":\"https:\\\/\\\/auramediadores.com\\\/#organization\"},\"potentialAction\":[{\"@type\":\"SearchAction\",\"target\":{\"@type\":\"EntryPoint\",\"urlTemplate\":\"https:\\\/\\\/auramediadores.com\\\/?s={search_term_string}\"},\"query-input\":{\"@type\":\"PropertyValueSpecification\",\"valueRequired\":true,\"valueName\":\"search_term_string\"}}],\"inLanguage\":\"en-GB\"},{\"@type\":\"Organization\",\"@id\":\"https:\\\/\\\/auramediadores.com\\\/#organization\",\"name\":\"Aura Mediadores\",\"url\":\"https:\\\/\\\/auramediadores.com\\\/\",\"logo\":{\"@type\":\"ImageObject\",\"inLanguage\":\"en-GB\",\"@id\":\"https:\\\/\\\/auramediadores.com\\\/#\\\/schema\\\/logo\\\/image\\\/\",\"url\":\"https:\\\/\\\/auramediadores.com\\\/wp-content\\\/uploads\\\/2026\\\/01\\\/Favi-Aura-Mediadores-96x96-1.png\",\"contentUrl\":\"https:\\\/\\\/auramediadores.com\\\/wp-content\\\/uploads\\\/2026\\\/01\\\/Favi-Aura-Mediadores-96x96-1.png\",\"width\":96,\"height\":96,\"caption\":\"Aura Mediadores\"},\"image\":{\"@id\":\"https:\\\/\\\/auramediadores.com\\\/#\\\/schema\\\/logo\\\/image\\\/\"},\"sameAs\":[\"https:\\\/\\\/www.linkedin.com\\\/in\\\/aura-mediadores-2b7512397\\\/\"]}]}<\/script>\n<!-- \/ Yoast SEO plugin. -->","yoast_head_json":{"title":"Mediadora - Leonor G\u00f3mez Recio | Aura Mediadores","description":"Leonor G\u00f3mez Recio, Presidenta de AURA. Abogada, mediadora y coach experta en civil y mercantil, enfocada en el rigor y la transformaci\u00f3n.","robots":{"index":"index","follow":"follow","max-snippet":"max-snippet:-1","max-image-preview":"max-image-preview:large","max-video-preview":"max-video-preview:-1"},"canonical":"https:\/\/auramediadores.com\/en\/mediadora-leonor-gomez\/","og_locale":"en_GB","og_type":"article","og_title":"Mediadora - Leonor G\u00f3mez Recio | Aura Mediadores","og_description":"Leonor G\u00f3mez Recio, Presidenta de AURA. Abogada, mediadora y coach experta en civil y mercantil, enfocada en el rigor y la transformaci\u00f3n.","og_url":"https:\/\/auramediadores.com\/en\/mediadora-leonor-gomez\/","og_site_name":"Aura Mediadores","article_modified_time":"2026-03-12T09:11:20+00:00","twitter_card":"summary_large_image","twitter_misc":{"Est. reading time":"2 minutes"},"schema":{"@context":"https:\/\/schema.org","@graph":[{"@type":"WebPage","@id":"https:\/\/auramediadores.com\/mediadora-leonor-gomez\/","url":"https:\/\/auramediadores.com\/mediadora-leonor-gomez\/","name":"Mediadora - Leonor G\u00f3mez Recio | Aura Mediadores","isPartOf":{"@id":"https:\/\/auramediadores.com\/#website"},"datePublished":"2025-11-07T16:31:19+00:00","dateModified":"2026-03-12T09:11:20+00:00","description":"Leonor G\u00f3mez Recio, Presidenta de AURA. Abogada, mediadora y coach experta en civil y mercantil, enfocada en el rigor y la transformaci\u00f3n.","breadcrumb":{"@id":"https:\/\/auramediadores.com\/mediadora-leonor-gomez\/#breadcrumb"},"inLanguage":"en-GB","potentialAction":[{"@type":"ReadAction","target":["https:\/\/auramediadores.com\/mediadora-leonor-gomez\/"]}]},{"@type":"BreadcrumbList","@id":"https:\/\/auramediadores.com\/mediadora-leonor-gomez\/#breadcrumb","itemListElement":[{"@type":"ListItem","position":1,"name":"Home","item":"https:\/\/auramediadores.com\/"},{"@type":"ListItem","position":2,"name":"Leonor G\u00f3mez Recio"}]},{"@type":"WebSite","@id":"https:\/\/auramediadores.com\/#website","url":"https:\/\/auramediadores.com\/","name":"Aura Mediadores","description":"Asociaci\u00f3n espa\u00f1ola de mediadores","publisher":{"@id":"https:\/\/auramediadores.com\/#organization"},"potentialAction":[{"@type":"SearchAction","target":{"@type":"EntryPoint","urlTemplate":"https:\/\/auramediadores.com\/?s={search_term_string}"},"query-input":{"@type":"PropertyValueSpecification","valueRequired":true,"valueName":"search_term_string"}}],"inLanguage":"en-GB"},{"@type":"Organization","@id":"https:\/\/auramediadores.com\/#organization","name":"Aura Mediadores","url":"https:\/\/auramediadores.com\/","logo":{"@type":"ImageObject","inLanguage":"en-GB","@id":"https:\/\/auramediadores.com\/#\/schema\/logo\/image\/","url":"https:\/\/auramediadores.com\/wp-content\/uploads\/2026\/01\/Favi-Aura-Mediadores-96x96-1.png","contentUrl":"https:\/\/auramediadores.com\/wp-content\/uploads\/2026\/01\/Favi-Aura-Mediadores-96x96-1.png","width":96,"height":96,"caption":"Aura Mediadores"},"image":{"@id":"https:\/\/auramediadores.com\/#\/schema\/logo\/image\/"},"sameAs":["https:\/\/www.linkedin.com\/in\/aura-mediadores-2b7512397\/"]}]}},"_hostinger_reach_plugin_has_subscription_block":false,"_hostinger_reach_plugin_is_elementor":false,"_links":{"self":[{"href":"https:\/\/auramediadores.com\/en\/wp-json\/wp\/v2\/pages\/2485","targetHints":{"allow":["GET"]}}],"collection":[{"href":"https:\/\/auramediadores.com\/en\/wp-json\/wp\/v2\/pages"}],"about":[{"href":"https:\/\/auramediadores.com\/en\/wp-json\/wp\/v2\/types\/page"}],"author":[{"embeddable":true,"href":"https:\/\/auramediadores.com\/en\/wp-json\/wp\/v2\/users\/1"}],"replies":[{"embeddable":true,"href":"https:\/\/auramediadores.com\/en\/wp-json\/wp\/v2\/comments?post=2485"}],"version-history":[{"count":29,"href":"https:\/\/auramediadores.com\/en\/wp-json\/wp\/v2\/pages\/2485\/revisions"}],"predecessor-version":[{"id":3628,"href":"https:\/\/auramediadores.com\/en\/wp-json\/wp\/v2\/pages\/2485\/revisions\/3628"}],"wp:attachment":[{"href":"https:\/\/auramediadores.com\/en\/wp-json\/wp\/v2\/media?parent=2485"}],"curies":[{"name":"wp","href":"https:\/\/api.w.org\/{rel}","templated":true}]}}