{"id":2469,"date":"2025-11-07T15:30:26","date_gmt":"2025-11-07T15:30:26","guid":{"rendered":"https:\/\/auramediadores.com\/?page_id=2469"},"modified":"2026-03-12T09:20:25","modified_gmt":"2026-03-12T09:20:25","slug":"mediadora-veronica-alvarez","status":"publish","type":"page","link":"https:\/\/auramediadores.com\/en\/mediadora-veronica-alvarez\/","title":{"rendered":"Ver\u00f3nica \u00c1lvarez"},"content":{"rendered":"<h1><span class=\"uk-text-background\">Ver\u00f3nica <\/span><br \/>\n<br class=\"uk-visible@m\">\u00c1lvarez<\/h1>\n<div>Secretaria general y asociada fundadora de Aura Mediadores | Abogada &#038; Mediadora<\/div>\n<ul>\n<li><a href=\"https:\/\/www.linkedin.com\/in\/ver%C3%B3nica-alvarez-debrot-23639a10\/\">linkedin<\/a>\n<\/li>\n<\/ul>\n<div>\n<p>Soy Ver\u00f3nica \u00c1lvarez, abogada y mediadora. Tengo que ser honesta: tras 35 a\u00f1os de ejercicio como abogada, la mediaci\u00f3n era algo que, para m\u00ed, simplemente &#8216;no exist\u00eda&#8217;. Fue al formarme cuando descubr\u00ed su verdadero potencial. Entend\u00ed que como abogados, tenemos la responsabilidad de ofrecer esta herramienta para evitar el &#8216;colosal atasco judicial&#8217; y, sobre todo, el enorme coste emocional que un litigio supone para nuestros clientes.<\/p>\n<\/div>\n<blockquote>\n<p>    \u201cEl juzgado deber\u00eda ser el \u00faltimo recurso. Supone para los clientes un coste no solo econ\u00f3mico, sino tambi\u00e9n emocional\u201d<\/p>\n<footer>\n<p>                <cite>Ver\u00f3nica \u00c1lvarez<\/cite><\/p>\n<\/footer>\n<\/blockquote>\n<p><img decoding=\"async\" src=\"\/wp-content\/uploads\/2025\/12\/veronica-foto-perfil.webp\" alt=\"Mediadora Ver\u00f3nica\"><\/p>\n<h2>Sobre m\u00ed<\/h2>\n<h3>Formaci\u00f3n y experiencia<\/h3>\n<div>\n<p>Soy Licenciada en Derecho por la Universidad Aut\u00f3noma de Madrid y complet\u00e9 mi formaci\u00f3n con el curso de Pr\u00e1ctica Jur\u00eddica en ICADE. Ejerzo como abogada desde 1990, fundando mi propio despacho en 2001, con especial dedicaci\u00f3n al Derecho Civil, de Familia y Mercantil.<\/p>\n<\/div>\n<h3>Un enfoque multiling\u00fce<\/h3>\n<div>\n<p>Mi enfoque es pr\u00e1ctico y directo. Adem\u00e1s, aporto una perspectiva internacional, ya que el franc\u00e9s es mi lengua materna y hablo alem\u00e1n fluido tras trece a\u00f1os de escolarizaci\u00f3n, lo que me permite gestionar mediaciones en contextos multiculturales.<\/p>\n<\/div>\n<h3>Mi visi\u00f3n de la mediaci\u00f3n<\/h3>\n<div>\n<p>Como abogada, mi prioridad siempre ha sido ofrecer garant\u00eda y seguridad jur\u00eddica. Veo la mediaci\u00f3n como la evoluci\u00f3n l\u00f3gica de esa garant\u00eda. Es una gran ventaja y transmite una enorme confianza el poder ofrecer un espacio neutral para que las propias partes, que son quienes mejor entienden su conflicto, elaboren sus propios acuerdos.<\/p>\n<\/div>\n<h3>Especialidades y cualificaciones<\/h3>\n<ul>\n<li>\n<div>Secretaria General de AURA Mediadores<\/div>\n<\/li>\n<li>\n<div>Abogada en ejercicio (m\u00e1s de 35 a\u00f1os de experiencia)<\/div>\n<\/li>\n<li>\n<div>Abogada Colegiada con amplia experiencia<\/div>\n<\/li>\n<li>\n<div>Especialista en Derecho Civil, Familiar, Mercantil y Penal<\/div>\n<\/li>\n<li>\n<div>Licenciada en Derecho (Universidad Aut\u00f3noma de Madrid)<\/div>\n<\/li>\n<li>\n<div>Curso de Pr\u00e1ctica Jur\u00eddica (ICADE)<\/div>\n<\/li>\n<li>\n<div><strong>Idiomas:<\/strong> Franc\u00e9s (lengua materna) y Alem\u00e1n (fluido)<\/div>\n<\/li>\n<\/ul>\n<h2>\u00bfNecesitas<br \/> saber m\u00e1s?<\/h2>\n<div>\n<p>Nuestro prop\u00f3sito principal es difundir y fomentar la mediaci\u00f3n en todos los \u00e1mbitos, pero muy especialmente en el \u00e1mbito jur\u00eddico.<\/p>\n<\/div>\n<p><p>\n        <a href=\"\/nuestra-asociacion\/\">Sobre nosotros<\/a>\n    <\/p>\n<\/p>\n<p><!--more--><br \/>\n<!-- {\"type\":\"layout\",\"children\":[{\"name\":\"About\",\"type\":\"section\",\"props\":{\"html_element\":\"header\",\"image_effect\":\"parallax\",\"image_parallax_bgx\":\"80,80\",\"image_parallax_easing\":\"1\",\"image_position\":\"bottom-right\",\"image_width\":\"350\",\"padding_bottom\":\"none\",\"padding_top\":\"large\",\"style\":\"default\",\"title_breakpoint\":\"xl\",\"title_position\":\"center-right\",\"title_rotation\":\"left\",\"vertical_align\":\"\",\"width\":\"default\"},\"children\":[{\"type\":\"row\",\"props\":{\"column_gap\":\"small\",\"layout\":\"1-2,1-2\",\"row_gap\":\"small\"},\"children\":[{\"type\":\"column\",\"props\":{\"image_position\":\"center-center\",\"position_sticky_breakpoint\":\"m\",\"width_small\":\"1-2\"},\"children\":[{\"type\":\"headline\",\"props\":{\"content\":\"<span class=\\\"uk-text-background\\\">Ver\u00f3nica <\/span>\\n<br class=\\\"uk-visible@m\\\">\u00c1lvarez\",\"image_align\":\"left\",\"image_margin\":\"xsmall\",\"title_decoration\":\"line\",\"title_element\":\"h1\",\"title_style\":\"heading-large\"}},{\"type\":\"headline\",\"props\":{\"content\":\"Secretaria general y asociada fundadora de Aura Mediadores | Abogada & Mediadora\",\"image_align\":\"left\",\"image_margin\":\"xsmall\",\"margin_bottom\":\"remove\",\"margin_top\":\"remove\",\"title_decoration\":\"bullet\",\"title_element\":\"div\",\"title_style\":\"h5\"}},{\"type\":\"social\",\"props\":{\"grid\":\"horizontal\",\"grid_column_gap\":\"small\",\"grid_row_gap\":\"small\",\"image_svg_inline\":true,\"link_style\":\"button\",\"link_target\":true,\"margin_bottom\":\"default\",\"margin_top\":\"default\"},\"children\":[{\"type\":\"social_item\",\"props\":{\"link\":\"https:\/\/www.linkedin.com\/in\/ver%C3%B3nica-alvarez-debrot-23639a10\/\",\"link_aria_label\":\"LinkedIn Ver\u00f3nica \u00c1lvarez\"}}]},{\"type\":\"text\",\"props\":{\"column_breakpoint\":\"m\",\"content\":\"\n\n<p>Soy Ver\u00f3nica \u00c1lvarez, abogada y mediadora. Tengo que ser honesta: tras 35 a\u00f1os de ejercicio como abogada, la mediaci\u00f3n era algo que, para m\u00ed, simplemente 'no exist\u00eda'. Fue al formarme cuando descubr\u00ed su verdadero potencial. Entend\u00ed que como abogados, tenemos la responsabilidad de ofrecer esta herramienta para evitar el 'colosal atasco judicial' y, sobre todo, el enorme coste emocional que un litigio supone para nuestros clientes.<\/p>\n\n\",\"margin_bottom\":\"large\",\"margin_top\":\"large\",\"maxwidth\":\"xlarge\"}},{\"type\":\"quotation\",\"props\":{\"author\":\"Ver\u00f3nica \u00c1lvarez\",\"content\":\"\u201cEl juzgado deber\u00eda ser el \u00faltimo recurso. Supone para los clientes un coste no solo econ\u00f3mico, sino tambi\u00e9n emocional\u201d\"}}]},{\"type\":\"column\",\"props\":{\"image\":\"wp-content\/uploads\/pattern.svg\",\"image_effect\":\"parallax\",\"image_parallax_bgy\":\"-60,-50\",\"image_parallax_easing\":\"1\",\"image_position\":\"bottom-left\",\"image_width\":\"350\",\"media_visibility\":\"m\",\"position_sticky_breakpoint\":\"m\",\"width_small\":\"1-2\"},\"children\":[{\"type\":\"image\",\"props\":{\"animation\":\"parallax\",\"image\":\"wp-content\/uploads\/2025\/12\/veronica-foto-perfil.webp\",\"image_alt\":\"Mediadora Ver\u00f3nica\",\"image_border\":\"pill\",\"image_svg_color\":\"emphasis\",\"image_width\":\"420\",\"margin_bottom\":\"\",\"margin_top\":\"\",\"parallax_breakpoint\":\"s\",\"parallax_easing\":\"1\",\"parallax_y\":\"-70,0\",\"text_align\":\"right\",\"text_align_breakpoint\":\"m\"}}]}]},{\"type\":\"row\",\"children\":[{\"type\":\"column\",\"props\":{\"image_position\":\"center-center\",\"position_sticky_breakpoint\":\"m\"},\"children\":[{\"type\":\"breadcrumbs\",\"props\":{\"show_current\":true,\"show_home\":true}}]}]}]},{\"name\":\"CV\",\"type\":\"section\",\"props\":{\"html_element\":\"section\",\"image_position\":\"center-center\",\"padding_bottom\":\"small\",\"padding_top\":\"small\",\"style\":\"default\",\"title_breakpoint\":\"xl\",\"title_position\":\"top-left\",\"title_rotation\":\"left\",\"vertical_align\":\"\",\"width\":\"default\"},\"children\":[{\"type\":\"row\",\"props\":{\"margin_bottom\":\"large\",\"margin_top\":\"large\"},\"children\":[{\"type\":\"column\",\"props\":{\"image_position\":\"center-center\",\"position_sticky_breakpoint\":\"m\",\"width_medium\":\"1-1\"},\"children\":[{\"type\":\"headline\",\"props\":{\"content\":\"Sobre m\u00ed\",\"image_align\":\"left\",\"image_margin\":\"xsmall\",\"title_color\":\"background\",\"title_element\":\"h2\",\"title_style\":\"h1\"}}]}]},{\"type\":\"row\",\"props\":{\"layout\":\"1-2,1-2\"},\"children\":[{\"type\":\"column\",\"props\":{\"image_position\":\"center-center\",\"position_sticky_breakpoint\":\"m\",\"width_medium\":\"1-2\"},\"children\":[{\"type\":\"headline\",\"props\":{\"content\":\"Formaci\u00f3n y experiencia\",\"image_align\":\"left\",\"image_margin\":\"xsmall\",\"margin_bottom\":\"remove\",\"margin_top\":\"remove\",\"title_decoration\":\"bullet\",\"title_element\":\"h3\",\"title_style\":\"h5\"}},{\"type\":\"text\",\"props\":{\"column_breakpoint\":\"m\",\"content\":\"\n\n<p>Soy Licenciada en Derecho por la Universidad Aut\u00f3noma de Madrid y complet\u00e9 mi formaci\u00f3n con el curso de Pr\u00e1ctica Jur\u00eddica en ICADE. Ejerzo como abogada desde 1990, fundando mi propio despacho en 2001, con especial dedicaci\u00f3n al Derecho Civil, de Familia y Mercantil.<\/p>\n\n\",\"margin_bottom\":\"small\",\"margin_top\":\"small\",\"maxwidth\":\"xlarge\"}}]},{\"type\":\"column\",\"props\":{\"image_position\":\"center-center\",\"position_sticky_breakpoint\":\"m\",\"width_medium\":\"1-2\"},\"children\":[{\"type\":\"headline\",\"props\":{\"content\":\"Un enfoque multiling\u00fce\",\"image_align\":\"left\",\"image_margin\":\"xsmall\",\"margin_bottom\":\"remove\",\"margin_top\":\"remove\",\"title_decoration\":\"bullet\",\"title_element\":\"h3\",\"title_style\":\"h5\"}},{\"type\":\"text\",\"props\":{\"column_breakpoint\":\"m\",\"content\":\"\n\n<p>Mi enfoque es pr\u00e1ctico y directo. Adem\u00e1s, aporto una perspectiva internacional, ya que el franc\u00e9s es mi lengua materna y hablo alem\u00e1n fluido tras trece a\u00f1os de escolarizaci\u00f3n, lo que me permite gestionar mediaciones en contextos multiculturales.<\/p>\n\n\",\"margin_bottom\":\"small\",\"margin_top\":\"small\",\"maxwidth\":\"xlarge\"}}]}]},{\"type\":\"row\",\"props\":{\"layout\":\"1-2,1-2\",\"margin_bottom\":\"large\",\"margin_top\":\"large\"},\"children\":[{\"type\":\"column\",\"props\":{\"image_position\":\"center-center\",\"position_sticky_breakpoint\":\"m\",\"width_medium\":\"1-2\"},\"children\":[{\"type\":\"headline\",\"props\":{\"content\":\"Mi visi\u00f3n de la mediaci\u00f3n\",\"image_align\":\"left\",\"image_margin\":\"xsmall\",\"margin_bottom\":\"remove\",\"margin_top\":\"large\",\"title_decoration\":\"bullet\",\"title_element\":\"h3\",\"title_style\":\"h5\"}},{\"type\":\"text\",\"props\":{\"column_breakpoint\":\"m\",\"content\":\"\n\n<p>Como abogada, mi prioridad siempre ha sido ofrecer garant\u00eda y seguridad jur\u00eddica. Veo la mediaci\u00f3n como la evoluci\u00f3n l\u00f3gica de esa garant\u00eda. Es una gran ventaja y transmite una enorme confianza el poder ofrecer un espacio neutral para que las propias partes, que son quienes mejor entienden su conflicto, elaboren sus propios acuerdos.<\/p>\n\n\",\"margin_bottom\":\"small\",\"margin_top\":\"small\",\"maxwidth\":\"xlarge\"}}]},{\"type\":\"column\",\"props\":{\"image_position\":\"center-center\",\"position_sticky_breakpoint\":\"m\",\"width_medium\":\"1-2\"},\"children\":[{\"type\":\"headline\",\"props\":{\"content\":\"Especialidades y cualificaciones\",\"image_align\":\"left\",\"image_margin\":\"xsmall\",\"margin_bottom\":\"remove\",\"margin_top\":\"large\",\"title_element\":\"h3\",\"title_style\":\"h4\"}},{\"type\":\"list\",\"props\":{\"column_breakpoint\":\"m\",\"image_align\":\"left\",\"image_svg_color\":\"emphasis\",\"image_vertical_align\":true,\"list_element\":\"ul\",\"list_horizontal_separator\":\", \",\"list_marker\":\"bullet\",\"list_type\":\"vertical\",\"show_image\":true,\"show_link\":true},\"children\":[{\"type\":\"list_item\",\"props\":{\"content\":\"Secretaria General de AURA Mediadores\"}},{\"type\":\"list_item\",\"props\":{\"content\":\"Abogada en ejercicio (m\u00e1s de 35 a\u00f1os de experiencia)\"}},{\"type\":\"list_item\",\"props\":{\"content\":\"Abogada Colegiada con amplia experiencia\"}},{\"type\":\"list_item\",\"props\":{\"content\":\"Especialista en Derecho Civil, Familiar, Mercantil y Penal\"}},{\"type\":\"list_item\",\"props\":{\"content\":\"Licenciada en Derecho (Universidad Aut\u00f3noma de Madrid)\"}},{\"type\":\"list_item\",\"props\":{\"content\":\"Curso de Pr\u00e1ctica Jur\u00eddica (ICADE)\"}},{\"type\":\"list_item\",\"props\":{\"content\":\"<strong>Idiomas:<\/strong> Franc\u00e9s (lengua materna) y Alem\u00e1n (fluido)\"}}]}]}]}]},{\"type\":\"section\",\"props\":{\"html_element\":\"section\",\"image\":\"wp-content\/uploads\/2025\/11\/cta-bg.svg\",\"image_position\":\"center-center\",\"padding_bottom\":\"xlarge\",\"padding_top\":\"xlarge\",\"style\":\"primary\",\"title_breakpoint\":\"xl\",\"title_position\":\"top-left\",\"title_rotation\":\"left\",\"vertical_align\":\"\",\"width\":\"default\"},\"children\":[{\"type\":\"row\",\"children\":[{\"type\":\"column\",\"props\":{\"image_position\":\"center-center\",\"position_sticky_breakpoint\":\"m\"},\"children\":[{\"type\":\"headline\",\"props\":{\"content\":\"\u00bfNecesitas<br \/> saber m\u00e1s?\",\"image_align\":\"left\",\"image_margin\":\"xsmall\",\"text_align\":\"center\",\"title_element\":\"h2\",\"title_style\":\"heading-large\"}},{\"type\":\"text\",\"props\":{\"block_align\":\"center\",\"column_breakpoint\":\"m\",\"content\":\"\n\n<p>Nuestro prop\u00f3sito principal es difundir y fomentar la mediaci\u00f3n en todos los \u00e1mbitos, pero muy especialmente en el \u00e1mbito jur\u00eddico.<\/p>\n\n\",\"margin_bottom\":\"medium\",\"margin_top\":\"medium\",\"maxwidth\":\"xlarge\",\"text_align\":\"center\",\"text_color\":\"emphasis\",\"text_style\":\"lead\"}},{\"type\":\"button\",\"props\":{\"grid_column_gap\":\"medium\",\"grid_row_gap\":\"small\",\"margin_bottom\":\"large\",\"margin_top\":\"large\",\"text_align\":\"center\"},\"children\":[{\"type\":\"button_item\",\"props\":{\"button_style\":\"default\",\"content\":\"Sobre nosotros\",\"dialog_layout\":\"modal\",\"dialog_offcanvas_flip\":true,\"icon_align\":\"left\",\"link\":\"nuestra-asociacion\/\",\"link_title\":\"Saber m\u00e1s de Aura\"}}]}]}]}],\"name\":\"Call to Action footer\"}],\"version\":\"5.0.20\"} --><\/p>\n","protected":false},"excerpt":{"rendered":"<p>Ver\u00f3nica \u00c1lvarez Secretaria general y asociada fundadora de Aura Mediadores | Abogada &#038; Mediadora linkedin Soy Ver\u00f3nica \u00c1lvarez, abogada y mediadora. Tengo que ser honesta: tras 35 a\u00f1os de ejercicio como abogada, la mediaci\u00f3n era algo que, para m\u00ed, simplemente &#8216;no exist\u00eda&#8217;. Fue al formarme cuando descubr\u00ed su verdadero potencial. Entend\u00ed que como abogados, tenemos [&hellip;]<\/p>\n","protected":false},"author":1,"featured_media":0,"parent":0,"menu_order":0,"comment_status":"closed","ping_status":"closed","template":"","meta":{"_acf_changed":false,"footnotes":""},"class_list":["post-2469","page","type-page","status-publish","hentry"],"acf":[],"yoast_head":"<!-- This site is optimized with the Yoast SEO plugin v27.4 - https:\/\/yoast.com\/product\/yoast-seo-wordpress\/ -->\n<title>Mediadora - Ver\u00f3nica \u00c1lvarez | Aura Mediadores<\/title>\n<meta name=\"description\" content=\"Conoce a Ver\u00f3nica \u00c1lvarez, abogada y mediadora experta en civil y familia. M\u00e1s de 30 a\u00f1os de experiencia y rigor jur\u00eddico.\" \/>\n<meta name=\"robots\" content=\"index, follow, max-snippet:-1, max-image-preview:large, max-video-preview:-1\" \/>\n<link rel=\"canonical\" href=\"https:\/\/auramediadores.com\/en\/mediadora-veronica-alvarez\/\" \/>\n<meta property=\"og:locale\" content=\"en_GB\" \/>\n<meta property=\"og:type\" content=\"article\" \/>\n<meta property=\"og:title\" content=\"Mediadora - Ver\u00f3nica \u00c1lvarez | Aura Mediadores\" \/>\n<meta property=\"og:description\" content=\"Conoce a Ver\u00f3nica \u00c1lvarez, abogada y mediadora experta en civil y familia. M\u00e1s de 30 a\u00f1os de experiencia y rigor jur\u00eddico.\" \/>\n<meta property=\"og:url\" content=\"https:\/\/auramediadores.com\/en\/mediadora-veronica-alvarez\/\" \/>\n<meta property=\"og:site_name\" content=\"Aura Mediadores\" \/>\n<meta property=\"article:modified_time\" content=\"2026-03-12T09:20:25+00:00\" \/>\n<meta name=\"twitter:card\" content=\"summary_large_image\" \/>\n<meta name=\"twitter:label1\" content=\"Est. reading time\" \/>\n\t<meta name=\"twitter:data1\" content=\"2 minutes\" \/>\n<script type=\"application\/ld+json\" class=\"yoast-schema-graph\">{\"@context\":\"https:\\\/\\\/schema.org\",\"@graph\":[{\"@type\":\"WebPage\",\"@id\":\"https:\\\/\\\/auramediadores.com\\\/mediadora-veronica-alvarez\\\/\",\"url\":\"https:\\\/\\\/auramediadores.com\\\/mediadora-veronica-alvarez\\\/\",\"name\":\"Mediadora - Ver\u00f3nica \u00c1lvarez | Aura Mediadores\",\"isPartOf\":{\"@id\":\"https:\\\/\\\/auramediadores.com\\\/#website\"},\"datePublished\":\"2025-11-07T15:30:26+00:00\",\"dateModified\":\"2026-03-12T09:20:25+00:00\",\"description\":\"Conoce a Ver\u00f3nica \u00c1lvarez, abogada y mediadora experta en civil y familia. M\u00e1s de 30 a\u00f1os de experiencia y rigor jur\u00eddico.\",\"breadcrumb\":{\"@id\":\"https:\\\/\\\/auramediadores.com\\\/mediadora-veronica-alvarez\\\/#breadcrumb\"},\"inLanguage\":\"en-GB\",\"potentialAction\":[{\"@type\":\"ReadAction\",\"target\":[\"https:\\\/\\\/auramediadores.com\\\/mediadora-veronica-alvarez\\\/\"]}]},{\"@type\":\"BreadcrumbList\",\"@id\":\"https:\\\/\\\/auramediadores.com\\\/mediadora-veronica-alvarez\\\/#breadcrumb\",\"itemListElement\":[{\"@type\":\"ListItem\",\"position\":1,\"name\":\"Home\",\"item\":\"https:\\\/\\\/auramediadores.com\\\/\"},{\"@type\":\"ListItem\",\"position\":2,\"name\":\"Ver\u00f3nica \u00c1lvarez\"}]},{\"@type\":\"WebSite\",\"@id\":\"https:\\\/\\\/auramediadores.com\\\/#website\",\"url\":\"https:\\\/\\\/auramediadores.com\\\/\",\"name\":\"Aura Mediadores\",\"description\":\"Asociaci\u00f3n espa\u00f1ola de mediadores\",\"publisher\":{\"@id\":\"https:\\\/\\\/auramediadores.com\\\/#organization\"},\"potentialAction\":[{\"@type\":\"SearchAction\",\"target\":{\"@type\":\"EntryPoint\",\"urlTemplate\":\"https:\\\/\\\/auramediadores.com\\\/?s={search_term_string}\"},\"query-input\":{\"@type\":\"PropertyValueSpecification\",\"valueRequired\":true,\"valueName\":\"search_term_string\"}}],\"inLanguage\":\"en-GB\"},{\"@type\":\"Organization\",\"@id\":\"https:\\\/\\\/auramediadores.com\\\/#organization\",\"name\":\"Aura Mediadores\",\"url\":\"https:\\\/\\\/auramediadores.com\\\/\",\"logo\":{\"@type\":\"ImageObject\",\"inLanguage\":\"en-GB\",\"@id\":\"https:\\\/\\\/auramediadores.com\\\/#\\\/schema\\\/logo\\\/image\\\/\",\"url\":\"https:\\\/\\\/auramediadores.com\\\/wp-content\\\/uploads\\\/2026\\\/01\\\/Favi-Aura-Mediadores-96x96-1.png\",\"contentUrl\":\"https:\\\/\\\/auramediadores.com\\\/wp-content\\\/uploads\\\/2026\\\/01\\\/Favi-Aura-Mediadores-96x96-1.png\",\"width\":96,\"height\":96,\"caption\":\"Aura Mediadores\"},\"image\":{\"@id\":\"https:\\\/\\\/auramediadores.com\\\/#\\\/schema\\\/logo\\\/image\\\/\"},\"sameAs\":[\"https:\\\/\\\/www.linkedin.com\\\/in\\\/aura-mediadores-2b7512397\\\/\"]}]}<\/script>\n<!-- \/ Yoast SEO plugin. -->","yoast_head_json":{"title":"Mediadora - Ver\u00f3nica \u00c1lvarez | Aura Mediadores","description":"Conoce a Ver\u00f3nica \u00c1lvarez, abogada y mediadora experta en civil y familia. M\u00e1s de 30 a\u00f1os de experiencia y rigor jur\u00eddico.","robots":{"index":"index","follow":"follow","max-snippet":"max-snippet:-1","max-image-preview":"max-image-preview:large","max-video-preview":"max-video-preview:-1"},"canonical":"https:\/\/auramediadores.com\/en\/mediadora-veronica-alvarez\/","og_locale":"en_GB","og_type":"article","og_title":"Mediadora - Ver\u00f3nica \u00c1lvarez | Aura Mediadores","og_description":"Conoce a Ver\u00f3nica \u00c1lvarez, abogada y mediadora experta en civil y familia. M\u00e1s de 30 a\u00f1os de experiencia y rigor jur\u00eddico.","og_url":"https:\/\/auramediadores.com\/en\/mediadora-veronica-alvarez\/","og_site_name":"Aura Mediadores","article_modified_time":"2026-03-12T09:20:25+00:00","twitter_card":"summary_large_image","twitter_misc":{"Est. reading time":"2 minutes"},"schema":{"@context":"https:\/\/schema.org","@graph":[{"@type":"WebPage","@id":"https:\/\/auramediadores.com\/mediadora-veronica-alvarez\/","url":"https:\/\/auramediadores.com\/mediadora-veronica-alvarez\/","name":"Mediadora - Ver\u00f3nica \u00c1lvarez | Aura Mediadores","isPartOf":{"@id":"https:\/\/auramediadores.com\/#website"},"datePublished":"2025-11-07T15:30:26+00:00","dateModified":"2026-03-12T09:20:25+00:00","description":"Conoce a Ver\u00f3nica \u00c1lvarez, abogada y mediadora experta en civil y familia. M\u00e1s de 30 a\u00f1os de experiencia y rigor jur\u00eddico.","breadcrumb":{"@id":"https:\/\/auramediadores.com\/mediadora-veronica-alvarez\/#breadcrumb"},"inLanguage":"en-GB","potentialAction":[{"@type":"ReadAction","target":["https:\/\/auramediadores.com\/mediadora-veronica-alvarez\/"]}]},{"@type":"BreadcrumbList","@id":"https:\/\/auramediadores.com\/mediadora-veronica-alvarez\/#breadcrumb","itemListElement":[{"@type":"ListItem","position":1,"name":"Home","item":"https:\/\/auramediadores.com\/"},{"@type":"ListItem","position":2,"name":"Ver\u00f3nica \u00c1lvarez"}]},{"@type":"WebSite","@id":"https:\/\/auramediadores.com\/#website","url":"https:\/\/auramediadores.com\/","name":"Aura Mediadores","description":"Asociaci\u00f3n espa\u00f1ola de mediadores","publisher":{"@id":"https:\/\/auramediadores.com\/#organization"},"potentialAction":[{"@type":"SearchAction","target":{"@type":"EntryPoint","urlTemplate":"https:\/\/auramediadores.com\/?s={search_term_string}"},"query-input":{"@type":"PropertyValueSpecification","valueRequired":true,"valueName":"search_term_string"}}],"inLanguage":"en-GB"},{"@type":"Organization","@id":"https:\/\/auramediadores.com\/#organization","name":"Aura Mediadores","url":"https:\/\/auramediadores.com\/","logo":{"@type":"ImageObject","inLanguage":"en-GB","@id":"https:\/\/auramediadores.com\/#\/schema\/logo\/image\/","url":"https:\/\/auramediadores.com\/wp-content\/uploads\/2026\/01\/Favi-Aura-Mediadores-96x96-1.png","contentUrl":"https:\/\/auramediadores.com\/wp-content\/uploads\/2026\/01\/Favi-Aura-Mediadores-96x96-1.png","width":96,"height":96,"caption":"Aura Mediadores"},"image":{"@id":"https:\/\/auramediadores.com\/#\/schema\/logo\/image\/"},"sameAs":["https:\/\/www.linkedin.com\/in\/aura-mediadores-2b7512397\/"]}]}},"_hostinger_reach_plugin_has_subscription_block":false,"_hostinger_reach_plugin_is_elementor":false,"_links":{"self":[{"href":"https:\/\/auramediadores.com\/en\/wp-json\/wp\/v2\/pages\/2469","targetHints":{"allow":["GET"]}}],"collection":[{"href":"https:\/\/auramediadores.com\/en\/wp-json\/wp\/v2\/pages"}],"about":[{"href":"https:\/\/auramediadores.com\/en\/wp-json\/wp\/v2\/types\/page"}],"author":[{"embeddable":true,"href":"https:\/\/auramediadores.com\/en\/wp-json\/wp\/v2\/users\/1"}],"replies":[{"embeddable":true,"href":"https:\/\/auramediadores.com\/en\/wp-json\/wp\/v2\/comments?post=2469"}],"version-history":[{"count":24,"href":"https:\/\/auramediadores.com\/en\/wp-json\/wp\/v2\/pages\/2469\/revisions"}],"predecessor-version":[{"id":3634,"href":"https:\/\/auramediadores.com\/en\/wp-json\/wp\/v2\/pages\/2469\/revisions\/3634"}],"wp:attachment":[{"href":"https:\/\/auramediadores.com\/en\/wp-json\/wp\/v2\/media?parent=2469"}],"curies":[{"name":"wp","href":"https:\/\/api.w.org\/{rel}","templated":true}]}}